{"id":10,"date":"2013-06-02T08:36:10","date_gmt":"2013-06-02T06:36:10","guid":{"rendered":"http:\/\/bethieshair.de\/studio\/?page_id=10"},"modified":"2022-10-26T18:21:10","modified_gmt":"2022-10-26T16:21:10","slug":"impressum","status":"publish","type":"page","link":"http:\/\/bethieshair.de\/studio\/kontakt\/impressum\/","title":{"rendered":"Impressum"},"content":{"rendered":"<h2>Bethies Hair &amp; Nail<\/h2>\n<p>Bethie \u00d6ttl-Bosch<\/p>\n<p>M\u00fcnchener Stra\u00dfe 53a<\/p>\n<p>83395 Freilassing<\/p>\n<p>TEL.: 0172\/9974624<\/p>\n<p>Umsatzsteuer-Identifikationsnummer:<\/p>\n<p>Inhaltlich Verantwortlicher gem\u00e4\u00df \u00a7 10 Absatz 3 MDStV: Bethie \u00d6ttl-Bosch\u00a0 (Anschrift wie oben)<\/p>\n<p>Die verwendeten Bilder auf dieser Website kommen von Fotolia.de, Adobe Stock oder sind Eigentum von Bethie \u00d6ttl-Bosch<\/p>\n<h1>Konzeption \/ Screen-Design \/ Programmierung<\/h1>\n<p>Alle hier verwendeten Namen, Begriffe, Zeichen und Grafiken k\u00f6nnen Marken- oder Warenzeichen im Besitze ihrer rechtlichen Eigent\u00fcmer sein. Die Rechte aller erw\u00e4hnten und benutzten Marken- und Warenzeichen liegen ausschlie\u00dflich bei deren Besitzern.<\/p>\n<h1>Haftungsausschluss<\/h1>\n<p><strong><br \/>\nHaftung f\u00fcr Inhalte<\/strong><br \/>\nDie Inhalte unserer Seiten wurden mit gr\u00f6\u00dfter Sorgfalt erstellt. F\u00fcr die Richtigkeit, Vollst\u00e4ndigkeit und Aktualit\u00e4t der Inhalte k\u00f6nnen wir jedoch keine Gew\u00e4hr \u00fcbernehmen. Als Diensteanbieter sind wir gem\u00e4\u00df \u00a7 6 Abs.1 MDStV und \u00a7 8 Abs.1 TDG f\u00fcr eigene Inhalte auf diesen Seiten nach den allgemeinen Gesetzen verantwortlich. Diensteanbieter sind jedoch nicht verpflichtet, die von ihnen \u00fcbermittelten oder gespeicherten fremden Informationen zu \u00fcberwachen oder nach Umst\u00e4nden zu forschen, die auf eine rechtswidrige T\u00e4tigkeit hinweisen. Verpflichtungen zur Entfernung oder Sperrung der Nutzung von Informationen nach den allgemeinen Gesetzen bleiben hiervon unber\u00fchrt. Eine diesbez\u00fcgliche Haftung ist jedoch erst ab dem Zeitpunkt der Kenntnis einer konkreten Rechtsverletzung m\u00f6glich. Bei bekannt werden von entsprechenden Rechtsverletzungen werden wir diese Inhalte umgehend entfernen.<\/p>\n<p><strong>Haftung f\u00fcr Links<\/strong><br \/>\nUnser Angebot enth\u00e4lt eventuell Links zu externen Webseiten Dritter, auf deren Inhalte wir keinen Einfluss haben. Deshalb k\u00f6nnen wir f\u00fcr diese fremden Inhalte auch keine Gew\u00e4hr \u00fcbernehmen. F\u00fcr die Inhalte der verlinkten Seiten ist stets der jeweilige Anbieter oder Betreiber der Seiten verantwortlich. Die verlinkten Seiten wurden zum Zeitpunkt der Verlinkung auf m\u00f6gliche Rechtsverst\u00f6\u00dfe \u00fcberpr\u00fcft. Rechtswidrige Inhalte waren zum Zeitpunkt der Verlinkung nicht erkennbar. Eine permanente inhaltliche Kontrolle der verlinkten Seiten ist jedoch ohne konkrete Anhaltspunkte einer Rechtsverletzung nicht zumutbar. Bei bekannt werden von Rechtsverletzungen werden wir derartige Links umgehend entfernen.<\/p>\n<p><strong>Urheberrecht<\/strong><br \/>\nDie Betreiber der Seiten sind bem\u00fcht, stets die Urheberrechte anderer zu beachten bzw. auf selbst erstellte sowie lizenzfreie Werke zur\u00fcckzugreifen. Die durch die Seitenbetreiber erstellten Inhalte und Werke auf diesen Seiten unterliegen dem deutschen Urheberrecht. Beitr\u00e4ge Dritter sind als solche gekennzeichnet. Die Vervielf\u00e4ltigung, Bearbeitung, Verbreitung und jede Art der Verwertung au\u00dferhalb der Grenzen des Urheberrechtes bed\u00fcrfen der schriftlichen Zustimmung des jeweiligen Autors bzw. Erstellers. Downloads und Kopien dieser Seite sind nur f\u00fcr den privaten, nicht kommerziellen Gebrauch gestattet.<\/p>\n<p><strong>Datenschutz<\/strong><br \/>\nSoweit auf unseren Seiten personenbezogene Daten (beispielsweise Name, Anschrift oder eMail-Adressen) erhoben werden, erfolgt dies soweit m\u00f6glich stets auf freiwilliger Basis. Die Nutzung der Angebote und Dienste ist, soweit m\u00f6glich, stets ohne Angabe personenbezogener Daten m\u00f6glich. Der Nutzung von im Rahmen der Impressumspflicht ver\u00f6ffentlichten Kontaktdaten durch Dritte zur \u00dcbersendung von nicht ausdr\u00fccklich angeforderter Werbung und Informationsmaterialien wird hiermit ausdr\u00fccklich widersprochen. Die Betreiber der Seiten behalten sich ausdr\u00fccklich rechtliche Schritte im Falle der unverlangten Zusendung von Werbeinformationen, etwa durch Spam-Mails, vor.<\/p>\n<p>Quelle: Disclaimer von S\u00f6ren Siebert \u2013 Anwalt Internet (http:\/\/www.e-recht24.de\/muster-disclaimer.htm)<\/p>\n","protected":false},"excerpt":{"rendered":"<p>Bethies Hair &amp; Nail Bethie \u00d6ttl-Bosch M\u00fcnchener Stra\u00dfe 53a 83395 Freilassing TEL.: 0172\/9974624 Umsatzsteuer-Identifikationsnummer: Inhaltlich Verantwortlicher gem\u00e4\u00df \u00a7 10 Absatz 3 MDStV: Bethie \u00d6ttl-Bosch\u00a0 (Anschrift wie oben) Die verwendeten Bilder auf dieser Website kommen von Fotolia.de, Adobe Stock oder sind Eigentum von Bethie \u00d6ttl-Bosch Konzeption \/ Screen-Design \/ Programmierung Alle hier verwendeten Namen, Begriffe, Zeichen [&hellip;]<\/p>\n","protected":false},"author":2,"featured_media":0,"parent":9,"menu_order":0,"comment_status":"closed","ping_status":"closed","template":"","meta":[],"yoast_head":"<!-- This site is optimized with the Yoast SEO plugin v18.2 - https:\/\/yoast.com\/wordpress\/plugins\/seo\/ -->\n<title>Impressum - Bethies Hair &amp; Nails<\/title>\n<meta name=\"robots\" content=\"index, follow, max-snippet:-1, max-image-preview:large, max-video-preview:-1\" \/>\n<link rel=\"canonical\" href=\"http:\/\/bethieshair.de\/studio\/kontakt\/impressum\/\" \/>\n<meta property=\"og:locale\" content=\"de_DE\" \/>\n<meta property=\"og:type\" content=\"article\" \/>\n<meta property=\"og:title\" content=\"Impressum - Bethies Hair &amp; Nails\" \/>\n<meta property=\"og:description\" content=\"Bethies Hair &amp; Nail Bethie \u00d6ttl-Bosch M\u00fcnchener Stra\u00dfe 53a 83395 Freilassing TEL.: 0172\/9974624 Umsatzsteuer-Identifikationsnummer: Inhaltlich Verantwortlicher gem\u00e4\u00df \u00a7 10 Absatz 3 MDStV: Bethie \u00d6ttl-Bosch\u00a0 (Anschrift wie oben) Die verwendeten Bilder auf dieser Website kommen von Fotolia.de, Adobe Stock oder sind Eigentum von Bethie \u00d6ttl-Bosch Konzeption \/ Screen-Design \/ Programmierung Alle hier verwendeten Namen, Begriffe, Zeichen [&hellip;]\" \/>\n<meta property=\"og:url\" content=\"http:\/\/bethieshair.de\/studio\/kontakt\/impressum\/\" \/>\n<meta property=\"og:site_name\" content=\"Bethies Hair &amp; Nails\" \/>\n<meta property=\"article:modified_time\" content=\"2022-10-26T16:21:10+00:00\" \/>\n<meta name=\"twitter:card\" content=\"summary_large_image\" \/>\n<meta name=\"twitter:label1\" content=\"Gesch\u00e4tzte Lesezeit\" \/>\n\t<meta name=\"twitter:data1\" content=\"3\u00a0Minuten\" \/>\n<script type=\"application\/ld+json\" class=\"yoast-schema-graph\">{\"@context\":\"https:\/\/schema.org\",\"@graph\":[{\"@type\":\"WebSite\",\"@id\":\"http:\/\/bethieshair.de\/studio\/#website\",\"url\":\"http:\/\/bethieshair.de\/studio\/\",\"name\":\"Bethies Hair &amp; Nails\",\"description\":\"\",\"potentialAction\":[{\"@type\":\"SearchAction\",\"target\":{\"@type\":\"EntryPoint\",\"urlTemplate\":\"http:\/\/bethieshair.de\/studio\/?s={search_term_string}\"},\"query-input\":\"required name=search_term_string\"}],\"inLanguage\":\"de\"},{\"@type\":\"WebPage\",\"@id\":\"http:\/\/bethieshair.de\/studio\/kontakt\/impressum\/#webpage\",\"url\":\"http:\/\/bethieshair.de\/studio\/kontakt\/impressum\/\",\"name\":\"Impressum - Bethies Hair &amp; Nails\",\"isPartOf\":{\"@id\":\"http:\/\/bethieshair.de\/studio\/#website\"},\"datePublished\":\"2013-06-02T06:36:10+00:00\",\"dateModified\":\"2022-10-26T16:21:10+00:00\",\"breadcrumb\":{\"@id\":\"http:\/\/bethieshair.de\/studio\/kontakt\/impressum\/#breadcrumb\"},\"inLanguage\":\"de\",\"potentialAction\":[{\"@type\":\"ReadAction\",\"target\":[\"http:\/\/bethieshair.de\/studio\/kontakt\/impressum\/\"]}]},{\"@type\":\"BreadcrumbList\",\"@id\":\"http:\/\/bethieshair.de\/studio\/kontakt\/impressum\/#breadcrumb\",\"itemListElement\":[{\"@type\":\"ListItem\",\"position\":1,\"name\":\"Startseite\",\"item\":\"http:\/\/bethieshair.de\/studio\/\"},{\"@type\":\"ListItem\",\"position\":2,\"name\":\"Kontakt\",\"item\":\"http:\/\/bethieshair.de\/studio\/kontakt\/\"},{\"@type\":\"ListItem\",\"position\":3,\"name\":\"Impressum\"}]}]}<\/script>\n<!-- \/ Yoast SEO plugin. -->","yoast_head_json":{"title":"Impressum - Bethies Hair &amp; Nails","robots":{"index":"index","follow":"follow","max-snippet":"max-snippet:-1","max-image-preview":"max-image-preview:large","max-video-preview":"max-video-preview:-1"},"canonical":"http:\/\/bethieshair.de\/studio\/kontakt\/impressum\/","og_locale":"de_DE","og_type":"article","og_title":"Impressum - Bethies Hair &amp; Nails","og_description":"Bethies Hair &amp; Nail Bethie \u00d6ttl-Bosch M\u00fcnchener Stra\u00dfe 53a 83395 Freilassing TEL.: 0172\/9974624 Umsatzsteuer-Identifikationsnummer: Inhaltlich Verantwortlicher gem\u00e4\u00df \u00a7 10 Absatz 3 MDStV: Bethie \u00d6ttl-Bosch\u00a0 (Anschrift wie oben) Die verwendeten Bilder auf dieser Website kommen von Fotolia.de, Adobe Stock oder sind Eigentum von Bethie \u00d6ttl-Bosch Konzeption \/ Screen-Design \/ Programmierung Alle hier verwendeten Namen, Begriffe, Zeichen [&hellip;]","og_url":"http:\/\/bethieshair.de\/studio\/kontakt\/impressum\/","og_site_name":"Bethies Hair &amp; Nails","article_modified_time":"2022-10-26T16:21:10+00:00","twitter_card":"summary_large_image","twitter_misc":{"Gesch\u00e4tzte Lesezeit":"3\u00a0Minuten"},"schema":{"@context":"https:\/\/schema.org","@graph":[{"@type":"WebSite","@id":"http:\/\/bethieshair.de\/studio\/#website","url":"http:\/\/bethieshair.de\/studio\/","name":"Bethies Hair &amp; Nails","description":"","potentialAction":[{"@type":"SearchAction","target":{"@type":"EntryPoint","urlTemplate":"http:\/\/bethieshair.de\/studio\/?s={search_term_string}"},"query-input":"required name=search_term_string"}],"inLanguage":"de"},{"@type":"WebPage","@id":"http:\/\/bethieshair.de\/studio\/kontakt\/impressum\/#webpage","url":"http:\/\/bethieshair.de\/studio\/kontakt\/impressum\/","name":"Impressum - Bethies Hair &amp; Nails","isPartOf":{"@id":"http:\/\/bethieshair.de\/studio\/#website"},"datePublished":"2013-06-02T06:36:10+00:00","dateModified":"2022-10-26T16:21:10+00:00","breadcrumb":{"@id":"http:\/\/bethieshair.de\/studio\/kontakt\/impressum\/#breadcrumb"},"inLanguage":"de","potentialAction":[{"@type":"ReadAction","target":["http:\/\/bethieshair.de\/studio\/kontakt\/impressum\/"]}]},{"@type":"BreadcrumbList","@id":"http:\/\/bethieshair.de\/studio\/kontakt\/impressum\/#breadcrumb","itemListElement":[{"@type":"ListItem","position":1,"name":"Startseite","item":"http:\/\/bethieshair.de\/studio\/"},{"@type":"ListItem","position":2,"name":"Kontakt","item":"http:\/\/bethieshair.de\/studio\/kontakt\/"},{"@type":"ListItem","position":3,"name":"Impressum"}]}]}},"_links":{"self":[{"href":"http:\/\/bethieshair.de\/studio\/wp-json\/wp\/v2\/pages\/10"}],"collection":[{"href":"http:\/\/bethieshair.de\/studio\/wp-json\/wp\/v2\/pages"}],"about":[{"href":"http:\/\/bethieshair.de\/studio\/wp-json\/wp\/v2\/types\/page"}],"author":[{"embeddable":true,"href":"http:\/\/bethieshair.de\/studio\/wp-json\/wp\/v2\/users\/2"}],"replies":[{"embeddable":true,"href":"http:\/\/bethieshair.de\/studio\/wp-json\/wp\/v2\/comments?post=10"}],"version-history":[{"count":11,"href":"http:\/\/bethieshair.de\/studio\/wp-json\/wp\/v2\/pages\/10\/revisions"}],"predecessor-version":[{"id":766,"href":"http:\/\/bethieshair.de\/studio\/wp-json\/wp\/v2\/pages\/10\/revisions\/766"}],"up":[{"embeddable":true,"href":"http:\/\/bethieshair.de\/studio\/wp-json\/wp\/v2\/pages\/9"}],"wp:attachment":[{"href":"http:\/\/bethieshair.de\/studio\/wp-json\/wp\/v2\/media?parent=10"}],"curies":[{"name":"wp","href":"https:\/\/api.w.org\/{rel}","templated":true}]}}