{"id":12,"date":"2013-06-02T08:36:32","date_gmt":"2013-06-02T06:36:32","guid":{"rendered":"http:\/\/bethieshair.de\/studio\/?page_id=12"},"modified":"2021-06-27T22:50:00","modified_gmt":"2021-06-27T20:50:00","slug":"friseur-in-freilassing","status":"publish","type":"page","link":"http:\/\/bethieshair.de\/studio\/friseur-in-freilassing\/","title":{"rendered":"Friseur"},"content":{"rendered":"\n<div class=\"wp-block-image\"><figure class=\"alignleft size-large is-resized\"><a href=\"http:\/\/bethieshair.de\/studio\/wp-content\/uploads\/Fotolia_59952872_XS.jpg\"><img loading=\"lazy\" src=\"http:\/\/bethieshair.de\/studio\/wp-content\/uploads\/Fotolia_59952872_XS.jpg\" alt=\"\" class=\"wp-image-456\" width=\"280\" height=\"299\" srcset=\"http:\/\/bethieshair.de\/studio\/wp-content\/uploads\/Fotolia_59952872_XS.jpg 335w, http:\/\/bethieshair.de\/studio\/wp-content\/uploads\/Fotolia_59952872_XS-281x300.jpg 281w\" sizes=\"(max-width: 280px) 100vw, 280px\" \/><\/a><figcaption>Friseur<\/figcaption><\/figure><\/div>\n\n\n<h1>Friseur &#8211; Ihr Wellnessfriseur<\/h1>\n<h2>Nehmen Sie sich Zeit, dem Alltagsstress f\u00fcr eine Weile zu entkommen<\/h2>\n<p>Erleben Sie unseren Friseur Service in einem tollen Ambiente.<br \/>Unser Team arbeitet nach den neuesten Techniken in den Bereichen Schnitt, Farbe, Styling, Make-Up, <a href=\"http:\/\/bethieshair.de\/studio\/friseur\/hairdreams-haarverlangerung\/\">Haarverl\u00e4ngerung<\/a> und Haarverdichtung.<\/p>\n<table width=\"345\">\n<tbody>\n<tr>\n<td width=\"277\">\n<h4><b>Herren<\/b><\/h4>\n<\/td>\n<td width=\"67\">\n<p><b>\u00a0<\/b><\/p>\n<\/td>\n<\/tr>\n<tr>\n<td width=\"277\">\n<p><b>Trocken Schneider<\/b><\/p>\n<\/td>\n<td width=\"67\">\n<p><b>16,90 \u20ac<\/b><\/p>\n<\/td>\n<\/tr>\n<tr>\n<td width=\"277\">\n<p><b>Waschen \/ Schneiden \/ F\u00f6hnen<\/b><\/p>\n<\/td>\n<td width=\"67\">\n<p><b>18,50 \u20ac<\/b><\/p>\n<\/td>\n<\/tr>\n<tr>\n<td width=\"277\">\n<p><b>Waschen \/ Schneiden d\/ Stylen inkl. Kopfmassage<\/b><\/p>\n<\/td>\n<td width=\"67\">\n<p><b>24,50 \u20ac<\/b><\/p>\n<\/td>\n<\/tr>\n<tr>\n<td width=\"277\">\n<p><b>Grauhaar Kaschierung<\/b><\/p>\n<\/td>\n<td width=\"67\">\n<p><b>18,90 \u20ac<\/b><\/p>\n<\/td>\n<\/tr>\n<tr>\n<td width=\"277\">\n<p><b>Kinder bis 10 Jahre<\/b><\/p>\n<\/td>\n<td width=\"67\">\n<p><b>\u00a0<\/b><\/p>\n<\/td>\n<\/tr>\n<tr>\n<td width=\"277\">\n<p><b>Jungen Waschen \/ Schneiden \/ Stylen<\/b><\/p>\n<\/td>\n<td width=\"67\">\n<p><b>13,00 \u20ac<\/b><\/p>\n<\/td>\n<\/tr>\n<tr>\n<td width=\"277\">\n<p><b>M\u00e4dchen Waschen \/ Schneiden \/ Stylen<\/b><\/p>\n<\/td>\n<td width=\"67\">\n<p><b>15,00 \u20ac<\/b><\/p>\n<\/td>\n<\/tr>\n<\/tbody>\n<\/table>\n<table width=\"350\">\n<tbody>\n<tr>\n<td width=\"166\">\n<h4><b>Damen<\/b><\/h4>\n<\/td>\n<td width=\"62\">\n<h5><b>Kurz<\/b><\/h5>\n<\/td>\n<td width=\"61\">\n<h5><b>Mittel<\/b><\/h5>\n<\/td>\n<td width=\"61\">\n<h5><b>Lang<\/b><\/h5>\n<\/td>\n<\/tr>\n<tr>\n<td width=\"166\">\n<p><b>Waschen \/ Stylen<\/b><\/p>\n<\/td>\n<td width=\"62\">\n<p><b>19,90 \u20ac<\/b><\/p>\n<\/td>\n<td width=\"61\">\n<p><b>22,90 \u20ac<\/b><\/p>\n<\/td>\n<td width=\"61\">\n<p><b>24,90 \u20ac<\/b><\/p>\n<\/td>\n<\/tr>\n<tr>\n<td width=\"166\">\n<p><b>Waschen\/Schneiden\/Stylen<\/b><\/p>\n<\/td>\n<td width=\"62\">\n<p><b>32,00 \u20ac<\/b><\/p>\n<\/td>\n<td width=\"61\">\n<p><b>35,00 \u20ac<\/b><\/p>\n<\/td>\n<td width=\"61\">\n<p><b>45,00 \u20ac<\/b><\/p>\n<\/td>\n<\/tr>\n<tr>\n<td width=\"166\">\n<p><b>Wellaplex Haarkur<br \/>(Aufbau Haarstruktur)<\/b><\/p>\n<\/td>\n<td width=\"62\">\n<p><b><br \/>25,00 \u20ac<\/b><\/p>\n<\/td>\n<td width=\"61\">\n<p><b><br \/>30,00 \u20ac<\/b><\/p>\n<\/td>\n<td width=\"61\">\n<p><b><br \/>35,00 \u20ac<\/b><\/p>\n<\/td>\n<\/tr>\n<tr>\n<td width=\"166\">\n<p><b>Dauerwelle<\/b><\/p>\n<\/td>\n<td width=\"62\">\n<p><b>\u00a0<\/b><\/p>\n<\/td>\n<td width=\"61\">\n<p><b>ab<\/b><\/p>\n<\/td>\n<td width=\"61\">\n<p><b>40,00 \u20ac<\/b><\/p>\n<\/td>\n<\/tr>\n<tr>\n<td width=\"166\">\n<p><b>Hochstecken\/Flechtfrisur (individuell)<\/b><\/p>\n<\/td>\n<td width=\"62\">\n<p><b>\u00a0<\/b><\/p>\n<\/td>\n<td width=\"61\">\n<p><b><br \/>ab<\/b><\/p>\n<\/td>\n<td width=\"61\">\n<p><b><br \/>39,00 \u20ac<\/b><\/p>\n<\/td>\n<\/tr>\n<tr>\n<td width=\"166\">\n<h4><b>Farbe<\/b><\/h4>\n<\/td>\n<td width=\"62\">\n<p><b>\u00a0<\/b><\/p>\n<\/td>\n<td width=\"61\">\n<p><b>\u00a0<\/b><\/p>\n<\/td>\n<td width=\"61\">\n<p><b>\u00a0<\/b><\/p>\n<\/td>\n<\/tr>\n<tr>\n<td width=\"166\">\n<p><b>Farbe\/T\u00f6nung <br \/>jeweils ab<\/b><\/p>\n<\/td>\n<td width=\"62\">\n<p><b><br \/>50,00 \u20ac<\/b><\/p>\n<\/td>\n<td width=\"61\">\n<p><b><br \/>55,00 \u20ac<\/b><\/p>\n<\/td>\n<td width=\"61\">\n<p><b><br \/>60,00 \u20ac<\/b><\/p>\n<\/td>\n<\/tr>\n<tr>\n<td width=\"166\">\n<p><b>Blondierung Ansatz<br \/>jeweils ab<\/b><\/p>\n<\/td>\n<td width=\"62\">\n<p><b><br \/>40,00 \u20ac<\/b><\/p>\n<\/td>\n<td width=\"61\">\n<p><b><br \/>50,00 \u20ac<\/b><\/p>\n<\/td>\n<td width=\"61\">\n<p><b><br \/>55,00 \u20ac<\/b><\/p>\n<\/td>\n<\/tr>\n<tr>\n<td width=\"166\">\n<p><b>\u00a0<\/b><\/p>\n<\/td>\n<td width=\"62\">\n<h5><b>Mini<\/b><\/h5>\n<\/td>\n<td width=\"61\">\n<h5><b>Maxi<\/b><\/h5>\n<\/td>\n<td width=\"61\">\n<p><b>\u00a0<\/b><\/p>\n<\/td>\n<\/tr>\n<tr>\n<td width=\"166\">\n<p><b>Str\u00e4hnen Kreativ\/Effekt\u00a0 \u00a0 \u00a0 \u00a0 \u00a0 \u00a0 \u00a0 \u00a0 \u00a0 \u00a0 \u00a0 \u00a0 \u00a0 \u00a0ab<\/b><\/p>\n<\/td>\n<td width=\"62\">\n<p><b>35,00 \u20ac<\/b><\/p>\n<\/td>\n<td width=\"61\">\n<p><b>55,00 <\/b><\/p>\n<\/td>\n<td width=\"61\">\n<p><b>\u00a0<\/b><\/p>\n<\/td>\n<\/tr>\n<tr>\n<td width=\"166\">\n<h4><b>Painting<\/b><\/h4>\n<\/td>\n<td width=\"62\">\n<p><b>\u00a0<\/b><\/p>\n<\/td>\n<td width=\"61\">\n<p><b>\u00a0<\/b><\/p>\n<\/td>\n<td width=\"61\">\n<p><b>\u00a0<\/b><\/p>\n<\/td>\n<\/tr>\n<tr>\n<td width=\"166\">\n<p><b>Balayage\/Ombre\/Foilyage\u00a0 \u00a0 \u00a0 \u00a0 \u00a0 \u00a0 \u00a0 \u00a0 \u00a0 \u00a0 \u00a0 \u00a0ab<\/b><\/p>\n<\/td>\n<td width=\"62\">\n<p><b>45,00 \u20ac<\/b><\/p>\n<\/td>\n<td width=\"61\">\n<p><b>\u00a0<\/b><\/p>\n<\/td>\n<td width=\"61\">\n<p><b>\u00a0<\/b><\/p>\n<\/td>\n<\/tr>\n<tr>\n<td width=\"166\">\n<p><b>Farbversiegelung\/Gloss\u00a0\u00a0\u00a0\u00a0\u00a0\u00a0\u00a0 \u00a0\u00a0\u00a0\u00a0\u00a0\u00a0\u00a0\u00a0\u00a0\u00a0\u00a0\u00a0\u00a0\u00a0\u00a0\u00a0\u00a0 ab<\/b><\/p>\n<\/td>\n<td width=\"62\">\n<p><b>23,00 \u20ac<\/b><\/p>\n<\/td>\n<td width=\"61\">\n<p><b>\u00a0<\/b><\/p>\n<\/td>\n<td width=\"61\">\n<p><b>\u00a0<\/b><\/p>\n<\/td>\n<\/tr>\n<\/tbody>\n<\/table>\n\n\n<div class=\"wp-block-buttons\">\n<div class=\"wp-block-button\"><a class=\"wp-block-button__link\" href=\"https:\/\/www.wella.com\/professional\/de-DE\/home\" target=\"_blank\" rel=\"noreferrer noopener\">Wella<\/a><\/div>\n<\/div>\n","protected":false},"excerpt":{"rendered":"<p>Friseur &#8211; Ihr Wellnessfriseur Nehmen Sie sich Zeit, dem Alltagsstress f\u00fcr eine Weile zu entkommen Erleben Sie unseren Friseur Service in einem tollen Ambiente.Unser Team arbeitet nach den neuesten Techniken in den Bereichen Schnitt, Farbe, Styling, Make-Up, Haarverl\u00e4ngerung und Haarverdichtung. Herren \u00a0 Trocken Schneider 16,90 \u20ac Waschen \/ Schneiden \/ F\u00f6hnen 18,50 \u20ac Waschen \/ [&hellip;]<\/p>\n","protected":false},"author":2,"featured_media":0,"parent":0,"menu_order":1,"comment_status":"closed","ping_status":"closed","template":"","meta":[],"yoast_head":"<!-- This site is optimized with the Yoast SEO plugin v18.2 - https:\/\/yoast.com\/wordpress\/plugins\/seo\/ -->\n<title>Friseur in Freilassing - Haarverl\u00e4ngerung - Haarschnitt<\/title>\n<meta name=\"description\" content=\"In unseren R\u00e4umlichkeiten f\u00fchren wir Haarverl\u00e4ngerungen, Haarverdichtung, Laserbeamer, Haarschnitt, Haarfarbe\" \/>\n<meta name=\"robots\" content=\"index, follow, max-snippet:-1, max-image-preview:large, max-video-preview:-1\" \/>\n<link rel=\"canonical\" href=\"http:\/\/bethieshair.de\/studio\/friseur-in-freilassing\/\" \/>\n<meta property=\"og:locale\" content=\"de_DE\" \/>\n<meta property=\"og:type\" content=\"article\" \/>\n<meta property=\"og:title\" content=\"Friseur in Freilassing - Haarverl\u00e4ngerung - Haarschnitt\" \/>\n<meta property=\"og:description\" content=\"In unseren R\u00e4umlichkeiten f\u00fchren wir Haarverl\u00e4ngerungen, Haarverdichtung, Laserbeamer, Haarschnitt, Haarfarbe\" \/>\n<meta property=\"og:url\" content=\"http:\/\/bethieshair.de\/studio\/friseur-in-freilassing\/\" \/>\n<meta property=\"og:site_name\" content=\"Bethies Hair &amp; Nails\" \/>\n<meta property=\"article:modified_time\" content=\"2021-06-27T20:50:00+00:00\" \/>\n<meta property=\"og:image\" content=\"http:\/\/bethieshair.de\/studio\/wp-content\/uploads\/Fotolia_59952872_XS.jpg\" \/>\n<meta name=\"twitter:card\" content=\"summary_large_image\" \/>\n<meta name=\"twitter:label1\" content=\"Gesch\u00e4tzte Lesezeit\" \/>\n\t<meta name=\"twitter:data1\" content=\"1\u00a0Minute\" \/>\n<script type=\"application\/ld+json\" class=\"yoast-schema-graph\">{\"@context\":\"https:\/\/schema.org\",\"@graph\":[{\"@type\":\"WebSite\",\"@id\":\"http:\/\/bethieshair.de\/studio\/#website\",\"url\":\"http:\/\/bethieshair.de\/studio\/\",\"name\":\"Bethies Hair &amp; Nails\",\"description\":\"\",\"potentialAction\":[{\"@type\":\"SearchAction\",\"target\":{\"@type\":\"EntryPoint\",\"urlTemplate\":\"http:\/\/bethieshair.de\/studio\/?s={search_term_string}\"},\"query-input\":\"required name=search_term_string\"}],\"inLanguage\":\"de\"},{\"@type\":\"ImageObject\",\"@id\":\"http:\/\/bethieshair.de\/studio\/friseur-in-freilassing\/#primaryimage\",\"inLanguage\":\"de\",\"url\":\"http:\/\/bethieshair.de\/studio\/wp-content\/uploads\/Fotolia_59952872_XS.jpg\",\"contentUrl\":\"http:\/\/bethieshair.de\/studio\/wp-content\/uploads\/Fotolia_59952872_XS.jpg\",\"width\":335,\"height\":358,\"caption\":\"Beautiful adult woman with long brown curly hair. Fashion model over white background\"},{\"@type\":\"WebPage\",\"@id\":\"http:\/\/bethieshair.de\/studio\/friseur-in-freilassing\/#webpage\",\"url\":\"http:\/\/bethieshair.de\/studio\/friseur-in-freilassing\/\",\"name\":\"Friseur in Freilassing - Haarverl\u00e4ngerung - Haarschnitt\",\"isPartOf\":{\"@id\":\"http:\/\/bethieshair.de\/studio\/#website\"},\"primaryImageOfPage\":{\"@id\":\"http:\/\/bethieshair.de\/studio\/friseur-in-freilassing\/#primaryimage\"},\"datePublished\":\"2013-06-02T06:36:32+00:00\",\"dateModified\":\"2021-06-27T20:50:00+00:00\",\"description\":\"In unseren R\u00e4umlichkeiten f\u00fchren wir Haarverl\u00e4ngerungen, Haarverdichtung, Laserbeamer, Haarschnitt, Haarfarbe\",\"breadcrumb\":{\"@id\":\"http:\/\/bethieshair.de\/studio\/friseur-in-freilassing\/#breadcrumb\"},\"inLanguage\":\"de\",\"potentialAction\":[{\"@type\":\"ReadAction\",\"target\":[\"http:\/\/bethieshair.de\/studio\/friseur-in-freilassing\/\"]}]},{\"@type\":\"BreadcrumbList\",\"@id\":\"http:\/\/bethieshair.de\/studio\/friseur-in-freilassing\/#breadcrumb\",\"itemListElement\":[{\"@type\":\"ListItem\",\"position\":1,\"name\":\"Startseite\",\"item\":\"http:\/\/bethieshair.de\/studio\/\"},{\"@type\":\"ListItem\",\"position\":2,\"name\":\"Friseur\"}]}]}<\/script>\n<!-- \/ Yoast SEO plugin. -->","yoast_head_json":{"title":"Friseur in Freilassing - Haarverl\u00e4ngerung - Haarschnitt","description":"In unseren R\u00e4umlichkeiten f\u00fchren wir Haarverl\u00e4ngerungen, Haarverdichtung, Laserbeamer, Haarschnitt, Haarfarbe","robots":{"index":"index","follow":"follow","max-snippet":"max-snippet:-1","max-image-preview":"max-image-preview:large","max-video-preview":"max-video-preview:-1"},"canonical":"http:\/\/bethieshair.de\/studio\/friseur-in-freilassing\/","og_locale":"de_DE","og_type":"article","og_title":"Friseur in Freilassing - Haarverl\u00e4ngerung - Haarschnitt","og_description":"In unseren R\u00e4umlichkeiten f\u00fchren wir Haarverl\u00e4ngerungen, Haarverdichtung, Laserbeamer, Haarschnitt, Haarfarbe","og_url":"http:\/\/bethieshair.de\/studio\/friseur-in-freilassing\/","og_site_name":"Bethies Hair &amp; Nails","article_modified_time":"2021-06-27T20:50:00+00:00","og_image":[{"url":"http:\/\/bethieshair.de\/studio\/wp-content\/uploads\/Fotolia_59952872_XS.jpg"}],"twitter_card":"summary_large_image","twitter_misc":{"Gesch\u00e4tzte Lesezeit":"1\u00a0Minute"},"schema":{"@context":"https:\/\/schema.org","@graph":[{"@type":"WebSite","@id":"http:\/\/bethieshair.de\/studio\/#website","url":"http:\/\/bethieshair.de\/studio\/","name":"Bethies Hair &amp; Nails","description":"","potentialAction":[{"@type":"SearchAction","target":{"@type":"EntryPoint","urlTemplate":"http:\/\/bethieshair.de\/studio\/?s={search_term_string}"},"query-input":"required name=search_term_string"}],"inLanguage":"de"},{"@type":"ImageObject","@id":"http:\/\/bethieshair.de\/studio\/friseur-in-freilassing\/#primaryimage","inLanguage":"de","url":"http:\/\/bethieshair.de\/studio\/wp-content\/uploads\/Fotolia_59952872_XS.jpg","contentUrl":"http:\/\/bethieshair.de\/studio\/wp-content\/uploads\/Fotolia_59952872_XS.jpg","width":335,"height":358,"caption":"Beautiful adult woman with long brown curly hair. Fashion model over white background"},{"@type":"WebPage","@id":"http:\/\/bethieshair.de\/studio\/friseur-in-freilassing\/#webpage","url":"http:\/\/bethieshair.de\/studio\/friseur-in-freilassing\/","name":"Friseur in Freilassing - Haarverl\u00e4ngerung - Haarschnitt","isPartOf":{"@id":"http:\/\/bethieshair.de\/studio\/#website"},"primaryImageOfPage":{"@id":"http:\/\/bethieshair.de\/studio\/friseur-in-freilassing\/#primaryimage"},"datePublished":"2013-06-02T06:36:32+00:00","dateModified":"2021-06-27T20:50:00+00:00","description":"In unseren R\u00e4umlichkeiten f\u00fchren wir Haarverl\u00e4ngerungen, Haarverdichtung, Laserbeamer, Haarschnitt, Haarfarbe","breadcrumb":{"@id":"http:\/\/bethieshair.de\/studio\/friseur-in-freilassing\/#breadcrumb"},"inLanguage":"de","potentialAction":[{"@type":"ReadAction","target":["http:\/\/bethieshair.de\/studio\/friseur-in-freilassing\/"]}]},{"@type":"BreadcrumbList","@id":"http:\/\/bethieshair.de\/studio\/friseur-in-freilassing\/#breadcrumb","itemListElement":[{"@type":"ListItem","position":1,"name":"Startseite","item":"http:\/\/bethieshair.de\/studio\/"},{"@type":"ListItem","position":2,"name":"Friseur"}]}]}},"_links":{"self":[{"href":"http:\/\/bethieshair.de\/studio\/wp-json\/wp\/v2\/pages\/12"}],"collection":[{"href":"http:\/\/bethieshair.de\/studio\/wp-json\/wp\/v2\/pages"}],"about":[{"href":"http:\/\/bethieshair.de\/studio\/wp-json\/wp\/v2\/types\/page"}],"author":[{"embeddable":true,"href":"http:\/\/bethieshair.de\/studio\/wp-json\/wp\/v2\/users\/2"}],"replies":[{"embeddable":true,"href":"http:\/\/bethieshair.de\/studio\/wp-json\/wp\/v2\/comments?post=12"}],"version-history":[{"count":24,"href":"http:\/\/bethieshair.de\/studio\/wp-json\/wp\/v2\/pages\/12\/revisions"}],"predecessor-version":[{"id":699,"href":"http:\/\/bethieshair.de\/studio\/wp-json\/wp\/v2\/pages\/12\/revisions\/699"}],"wp:attachment":[{"href":"http:\/\/bethieshair.de\/studio\/wp-json\/wp\/v2\/media?parent=12"}],"curies":[{"name":"wp","href":"https:\/\/api.w.org\/{rel}","templated":true}]}}