{"id":122,"date":"2013-06-12T10:00:08","date_gmt":"2013-06-12T08:00:08","guid":{"rendered":"http:\/\/bethieshair.de\/studio\/?page_id=122"},"modified":"2022-03-10T17:05:11","modified_gmt":"2022-03-10T15:05:11","slug":"ausbildungen","status":"publish","type":"page","link":"http:\/\/bethieshair.de\/studio\/ausbildungen\/","title":{"rendered":"Ausbildungen"},"content":{"rendered":"\n<div class=\"wp-block-image\"><figure class=\"alignleft size-large is-resized\"><a href=\"http:\/\/bethieshair.de\/studio\/wp-content\/uploads\/bethie-scaled.jpg\"><img loading=\"lazy\" src=\"http:\/\/bethieshair.de\/studio\/wp-content\/uploads\/bethie-683x1024.jpg\" alt=\"\" class=\"wp-image-516\" width=\"208\" height=\"312\" srcset=\"http:\/\/bethieshair.de\/studio\/wp-content\/uploads\/bethie-683x1024.jpg 683w, http:\/\/bethieshair.de\/studio\/wp-content\/uploads\/bethie-200x300.jpg 200w, http:\/\/bethieshair.de\/studio\/wp-content\/uploads\/bethie-768x1152.jpg 768w, http:\/\/bethieshair.de\/studio\/wp-content\/uploads\/bethie-1024x1536.jpg 1024w, http:\/\/bethieshair.de\/studio\/wp-content\/uploads\/bethie-1365x2048.jpg 1365w, http:\/\/bethieshair.de\/studio\/wp-content\/uploads\/bethie-scaled.jpg 1707w\" sizes=\"(max-width: 208px) 100vw, 208px\" \/><\/a><\/figure><\/div>\n\n\n<p><span style=\"color: #000000; font-family: Verdana, sans-serif; font-size: 32px;\">Bethie \u00d6ttl-Bosch<\/span><\/p>\n<div>\n<p><em>Im Oktober 2001 machte ich mich mit der Er\u00f6ffnung eines Afro-Shops (Nagelmodellage und Haare) selbst\u00e4ndig.<\/em><\/p>\n<p>2003 wurde das aktuelle Hair &amp; Nails \u2013 Studio er\u00f6ffnet.<\/p>\n<p>Zwischen 2002 und 2006 habe ich diverse Fortbildungen bei Christian C\u00e4sar (Naildesign), Aischa Wikoski (Visagistik), Marielle Pl\u00fcschke (Airbrush) und ABC Nails (Acryl-Bl\u00fcten) belegt.<br \/>2006 folgten dann Ausbilderschulungen f\u00fcr Naildesign bei engelcosmetic und <a title=\"H&amp;N Academy for beauty...\" href=\"http:\/\/www.kosmetikpool.com\" target=\"_blank\" rel=\"noopener\">H&amp;N Academy for beauty<br \/><\/a><\/p>\n<p>Eine weitere Schulung f\u00fcr <a title=\"Permanent Make-up - Seminar\" href=\"http:\/\/www.schulungszentrum-kosmetik.de\/events\/categories\/permanentmakeup\/\" target=\"_blank\" rel=\"noopener\">Permanent-Make-up<\/a> bei H&amp;N Academy\u00a0 wurde im Anschlu\u00df absolviert.<\/p>\n<p>Im Jahre 2013 schloss ich die Ausbildung zur Wimpernstylist-Ausbilderin f\u00fcr die H&amp;N\u00a0 Academy for beauty.. und biete diese Seminare nun in meinem R\u00e4umlichkeiten an.<\/p>\n<p><em>Seit 2013 bin ich ebenfalls als Friseurin t\u00e4tig<\/em><\/p>\n<p>N\u00e4here Informationen zu den diversen Ausbildungen in meinen R\u00e4umlichkeiten finden Sie auf der Webseite von <a title=\"Seminare in Geisenfeld\" href=\"http:\/\/www.schulungszentrum-kosmetik.de\/locations\/ingolstadt\/\" target=\"_blank\" rel=\"noopener\">H&amp;N\u00a0 Academy for beauty&#8230;.<\/a><\/p>\n<p>Gerne stehe ich Ihnen f\u00fcr weitere Fragen zu Verf\u00fcgung und h\u00f6re wieder von Ihnen.<\/p>\n<p>Ihre<br \/>Bethie \u00d6ttl-Bosch<\/p>\n<\/div>","protected":false},"excerpt":{"rendered":"<p>Bethie \u00d6ttl-Bosch Im Oktober 2001 machte ich mich mit der Er\u00f6ffnung eines Afro-Shops (Nagelmodellage und Haare) selbst\u00e4ndig. 2003 wurde das aktuelle Hair &amp; Nails \u2013 Studio er\u00f6ffnet. Zwischen 2002 und 2006 habe ich diverse Fortbildungen bei Christian C\u00e4sar (Naildesign), Aischa Wikoski (Visagistik), Marielle Pl\u00fcschke (Airbrush) und ABC Nails (Acryl-Bl\u00fcten) belegt.2006 folgten dann Ausbilderschulungen f\u00fcr Naildesign [&hellip;]<\/p>\n","protected":false},"author":2,"featured_media":0,"parent":0,"menu_order":0,"comment_status":"closed","ping_status":"closed","template":"","meta":[],"yoast_head":"<!-- This site is optimized with the Yoast SEO plugin v18.2 - https:\/\/yoast.com\/wordpress\/plugins\/seo\/ -->\n<title>Ausbildungen - Bethies Hair &amp; Nails<\/title>\n<meta name=\"robots\" content=\"index, follow, max-snippet:-1, max-image-preview:large, max-video-preview:-1\" \/>\n<link rel=\"canonical\" href=\"http:\/\/bethieshair.de\/studio\/ausbildungen\/\" \/>\n<meta property=\"og:locale\" content=\"de_DE\" \/>\n<meta property=\"og:type\" content=\"article\" \/>\n<meta property=\"og:title\" content=\"Ausbildungen - Bethies Hair &amp; Nails\" \/>\n<meta property=\"og:description\" content=\"Bethie \u00d6ttl-Bosch Im Oktober 2001 machte ich mich mit der Er\u00f6ffnung eines Afro-Shops (Nagelmodellage und Haare) selbst\u00e4ndig. 2003 wurde das aktuelle Hair &amp; Nails \u2013 Studio er\u00f6ffnet. Zwischen 2002 und 2006 habe ich diverse Fortbildungen bei Christian C\u00e4sar (Naildesign), Aischa Wikoski (Visagistik), Marielle Pl\u00fcschke (Airbrush) und ABC Nails (Acryl-Bl\u00fcten) belegt.2006 folgten dann Ausbilderschulungen f\u00fcr Naildesign [&hellip;]\" \/>\n<meta property=\"og:url\" content=\"http:\/\/bethieshair.de\/studio\/ausbildungen\/\" \/>\n<meta property=\"og:site_name\" content=\"Bethies Hair &amp; Nails\" \/>\n<meta property=\"article:modified_time\" content=\"2022-03-10T15:05:11+00:00\" \/>\n<meta property=\"og:image\" content=\"http:\/\/bethieshair.de\/studio\/wp-content\/uploads\/bethie-683x1024.jpg\" \/>\n<meta name=\"twitter:card\" content=\"summary_large_image\" \/>\n<meta name=\"twitter:label1\" content=\"Gesch\u00e4tzte Lesezeit\" \/>\n\t<meta name=\"twitter:data1\" content=\"1\u00a0Minute\" \/>\n<script type=\"application\/ld+json\" class=\"yoast-schema-graph\">{\"@context\":\"https:\/\/schema.org\",\"@graph\":[{\"@type\":\"WebSite\",\"@id\":\"http:\/\/bethieshair.de\/studio\/#website\",\"url\":\"http:\/\/bethieshair.de\/studio\/\",\"name\":\"Bethies Hair &amp; Nails\",\"description\":\"\",\"potentialAction\":[{\"@type\":\"SearchAction\",\"target\":{\"@type\":\"EntryPoint\",\"urlTemplate\":\"http:\/\/bethieshair.de\/studio\/?s={search_term_string}\"},\"query-input\":\"required name=search_term_string\"}],\"inLanguage\":\"de\"},{\"@type\":\"ImageObject\",\"@id\":\"http:\/\/bethieshair.de\/studio\/ausbildungen\/#primaryimage\",\"inLanguage\":\"de\",\"url\":\"http:\/\/bethieshair.de\/studio\/wp-content\/uploads\/bethie-683x1024.jpg\",\"contentUrl\":\"http:\/\/bethieshair.de\/studio\/wp-content\/uploads\/bethie-683x1024.jpg\"},{\"@type\":\"WebPage\",\"@id\":\"http:\/\/bethieshair.de\/studio\/ausbildungen\/#webpage\",\"url\":\"http:\/\/bethieshair.de\/studio\/ausbildungen\/\",\"name\":\"Ausbildungen - Bethies Hair &amp; Nails\",\"isPartOf\":{\"@id\":\"http:\/\/bethieshair.de\/studio\/#website\"},\"primaryImageOfPage\":{\"@id\":\"http:\/\/bethieshair.de\/studio\/ausbildungen\/#primaryimage\"},\"datePublished\":\"2013-06-12T08:00:08+00:00\",\"dateModified\":\"2022-03-10T15:05:11+00:00\",\"breadcrumb\":{\"@id\":\"http:\/\/bethieshair.de\/studio\/ausbildungen\/#breadcrumb\"},\"inLanguage\":\"de\",\"potentialAction\":[{\"@type\":\"ReadAction\",\"target\":[\"http:\/\/bethieshair.de\/studio\/ausbildungen\/\"]}]},{\"@type\":\"BreadcrumbList\",\"@id\":\"http:\/\/bethieshair.de\/studio\/ausbildungen\/#breadcrumb\",\"itemListElement\":[{\"@type\":\"ListItem\",\"position\":1,\"name\":\"Startseite\",\"item\":\"http:\/\/bethieshair.de\/studio\/\"},{\"@type\":\"ListItem\",\"position\":2,\"name\":\"Ausbildungen\"}]}]}<\/script>\n<!-- \/ Yoast SEO plugin. -->","yoast_head_json":{"title":"Ausbildungen - Bethies Hair &amp; Nails","robots":{"index":"index","follow":"follow","max-snippet":"max-snippet:-1","max-image-preview":"max-image-preview:large","max-video-preview":"max-video-preview:-1"},"canonical":"http:\/\/bethieshair.de\/studio\/ausbildungen\/","og_locale":"de_DE","og_type":"article","og_title":"Ausbildungen - Bethies Hair &amp; Nails","og_description":"Bethie \u00d6ttl-Bosch Im Oktober 2001 machte ich mich mit der Er\u00f6ffnung eines Afro-Shops (Nagelmodellage und Haare) selbst\u00e4ndig. 2003 wurde das aktuelle Hair &amp; Nails \u2013 Studio er\u00f6ffnet. Zwischen 2002 und 2006 habe ich diverse Fortbildungen bei Christian C\u00e4sar (Naildesign), Aischa Wikoski (Visagistik), Marielle Pl\u00fcschke (Airbrush) und ABC Nails (Acryl-Bl\u00fcten) belegt.2006 folgten dann Ausbilderschulungen f\u00fcr Naildesign [&hellip;]","og_url":"http:\/\/bethieshair.de\/studio\/ausbildungen\/","og_site_name":"Bethies Hair &amp; Nails","article_modified_time":"2022-03-10T15:05:11+00:00","og_image":[{"url":"http:\/\/bethieshair.de\/studio\/wp-content\/uploads\/bethie-683x1024.jpg"}],"twitter_card":"summary_large_image","twitter_misc":{"Gesch\u00e4tzte Lesezeit":"1\u00a0Minute"},"schema":{"@context":"https:\/\/schema.org","@graph":[{"@type":"WebSite","@id":"http:\/\/bethieshair.de\/studio\/#website","url":"http:\/\/bethieshair.de\/studio\/","name":"Bethies Hair &amp; Nails","description":"","potentialAction":[{"@type":"SearchAction","target":{"@type":"EntryPoint","urlTemplate":"http:\/\/bethieshair.de\/studio\/?s={search_term_string}"},"query-input":"required name=search_term_string"}],"inLanguage":"de"},{"@type":"ImageObject","@id":"http:\/\/bethieshair.de\/studio\/ausbildungen\/#primaryimage","inLanguage":"de","url":"http:\/\/bethieshair.de\/studio\/wp-content\/uploads\/bethie-683x1024.jpg","contentUrl":"http:\/\/bethieshair.de\/studio\/wp-content\/uploads\/bethie-683x1024.jpg"},{"@type":"WebPage","@id":"http:\/\/bethieshair.de\/studio\/ausbildungen\/#webpage","url":"http:\/\/bethieshair.de\/studio\/ausbildungen\/","name":"Ausbildungen - Bethies Hair &amp; Nails","isPartOf":{"@id":"http:\/\/bethieshair.de\/studio\/#website"},"primaryImageOfPage":{"@id":"http:\/\/bethieshair.de\/studio\/ausbildungen\/#primaryimage"},"datePublished":"2013-06-12T08:00:08+00:00","dateModified":"2022-03-10T15:05:11+00:00","breadcrumb":{"@id":"http:\/\/bethieshair.de\/studio\/ausbildungen\/#breadcrumb"},"inLanguage":"de","potentialAction":[{"@type":"ReadAction","target":["http:\/\/bethieshair.de\/studio\/ausbildungen\/"]}]},{"@type":"BreadcrumbList","@id":"http:\/\/bethieshair.de\/studio\/ausbildungen\/#breadcrumb","itemListElement":[{"@type":"ListItem","position":1,"name":"Startseite","item":"http:\/\/bethieshair.de\/studio\/"},{"@type":"ListItem","position":2,"name":"Ausbildungen"}]}]}},"_links":{"self":[{"href":"http:\/\/bethieshair.de\/studio\/wp-json\/wp\/v2\/pages\/122"}],"collection":[{"href":"http:\/\/bethieshair.de\/studio\/wp-json\/wp\/v2\/pages"}],"about":[{"href":"http:\/\/bethieshair.de\/studio\/wp-json\/wp\/v2\/types\/page"}],"author":[{"embeddable":true,"href":"http:\/\/bethieshair.de\/studio\/wp-json\/wp\/v2\/users\/2"}],"replies":[{"embeddable":true,"href":"http:\/\/bethieshair.de\/studio\/wp-json\/wp\/v2\/comments?post=122"}],"version-history":[{"count":12,"href":"http:\/\/bethieshair.de\/studio\/wp-json\/wp\/v2\/pages\/122\/revisions"}],"predecessor-version":[{"id":757,"href":"http:\/\/bethieshair.de\/studio\/wp-json\/wp\/v2\/pages\/122\/revisions\/757"}],"wp:attachment":[{"href":"http:\/\/bethieshair.de\/studio\/wp-json\/wp\/v2\/media?parent=122"}],"curies":[{"name":"wp","href":"https:\/\/api.w.org\/{rel}","templated":true}]}}