{"id":16,"date":"2013-06-02T08:37:14","date_gmt":"2013-06-02T06:37:14","guid":{"rendered":"http:\/\/bethieshair.de\/studio\/?page_id=16"},"modified":"2022-02-14T13:05:58","modified_gmt":"2022-02-14T11:05:58","slug":"fuspflege","status":"publish","type":"page","link":"http:\/\/bethieshair.de\/studio\/fuspflege\/","title":{"rendered":"Fu\u00dfpflege"},"content":{"rendered":"<p><img loading=\"lazy\" class=\"alignright size-thumbnail wp-image-69\" src=\"http:\/\/bethieshair.de\/studio\/wp-content\/uploads\/Fotolia_14034578_S-150x150.jpg\" alt=\"Kosmetische Fu\u00dfpflege\" width=\"150\" height=\"150\">Eingeengt, getreten, wundgelaufen. Unsere F\u00fc\u00dfe m\u00fcssen viel ertragen.<br \/>\nW\u00e4hrend dem Gesicht t\u00e4glich viel Zeit gewidmet wird, geh\u00f6ren die F\u00fc\u00dfe meist zu den weniger verw\u00f6hnten Teilen unseres K\u00f6rpers.<br \/>\nKaum jemand cremt sie regelm\u00e4\u00dfig ein oder g\u00f6nnt ihnen ein spezielles Peeling oder gar eine Ampulle oder Packung.<br \/>\n<b>Wir verw\u00f6hnen auch Ihre F\u00fc\u00dfe\u2026<\/b><\/p>\n<table dir=\"ltr\" style=\"width: 488px; height: 333px;\" border=\"0\" cellspacing=\"0\" cellpadding=\"0\">\n<tbody>\n<tr>\n<td colspan=\"2\" valign=\"Top\" width=\"317\" height=\"32\">\n<h2>Kosmetische Fu\u00dfpflege<\/h2>\n<\/td>\n<\/tr>\n<tr>\n<td valign=\"Top\" width=\"249\" height=\"66\">Fu\u00dfsprudelbad, feilen, \u00fcbersch\u00fcssige Haut entfernen, Peeling, Maske, Fu\u00dfmassage, Klarlack<\/td>\n<td style=\"text-align: right;\" valign=\"Top\" width=\"68\" height=\"66\">39,&#8211; \u20ac<\/td>\n<\/tr>\n<tr>\n<td valign=\"Top\" width=\"249\" height=\"23\"><\/td>\n<td style=\"text-align: right;\" valign=\"Top\" width=\"68\" height=\"23\"><\/td>\n<\/tr>\n<tr>\n<td valign=\"Top\" width=\"249\" height=\"26\">\n<h2>Zehenmodellage<\/h2>\n<\/td>\n<td style=\"text-align: right;\" valign=\"Top\" width=\"68\" height=\"26\"><\/td>\n<\/tr>\n<tr>\n<td valign=\"Top\" width=\"249\" height=\"37\">Mit Gel oder Shellack<\/td>\n<td style=\"text-align: right;\" valign=\"Top\" width=\"68\" height=\"37\">30,&#8211; \u20ac<\/td>\n<\/tr>\n<tr>\n<td valign=\"Top\" width=\"249\" height=\"37\"><\/td>\n<td style=\"text-align: right;\" valign=\"Top\" width=\"68\" height=\"37\"><\/td>\n<\/tr>\n<tr>\n<td valign=\"Top\" width=\"249\" height=\"37\"><\/td>\n<td style=\"text-align: right;\" valign=\"Top\" width=\"68\" height=\"37\"><\/td>\n<\/tr>\n<tr>\n<td valign=\"Top\" width=\"249\" height=\"37\"><\/td>\n<td style=\"text-align: right;\" valign=\"Top\" width=\"68\" height=\"37\"><\/td>\n<\/tr>\n<\/tbody>\n<\/table>\n","protected":false},"excerpt":{"rendered":"<p>Eingeengt, getreten, wundgelaufen. Unsere F\u00fc\u00dfe m\u00fcssen viel ertragen. W\u00e4hrend dem Gesicht t\u00e4glich viel Zeit gewidmet wird, geh\u00f6ren die F\u00fc\u00dfe meist zu den weniger verw\u00f6hnten Teilen unseres K\u00f6rpers. Kaum jemand cremt sie regelm\u00e4\u00dfig ein oder g\u00f6nnt ihnen ein spezielles Peeling oder gar eine Ampulle oder Packung. Wir verw\u00f6hnen auch Ihre F\u00fc\u00dfe\u2026 Kosmetische Fu\u00dfpflege Fu\u00dfsprudelbad, feilen, \u00fcbersch\u00fcssige [&hellip;]<\/p>\n","protected":false},"author":2,"featured_media":706,"parent":0,"menu_order":6,"comment_status":"closed","ping_status":"closed","template":"template-full-width.php","meta":[],"yoast_head":"<!-- This site is optimized with the Yoast SEO plugin v18.2 - https:\/\/yoast.com\/wordpress\/plugins\/seo\/ -->\n<title>Fu\u00dfpflege - Bethies Hair &amp; Nails<\/title>\n<meta name=\"robots\" content=\"index, follow, max-snippet:-1, max-image-preview:large, max-video-preview:-1\" \/>\n<link rel=\"canonical\" href=\"http:\/\/bethieshair.de\/studio\/fuspflege\/\" \/>\n<meta property=\"og:locale\" content=\"de_DE\" \/>\n<meta property=\"og:type\" content=\"article\" \/>\n<meta property=\"og:title\" content=\"Fu\u00dfpflege - Bethies Hair &amp; Nails\" \/>\n<meta property=\"og:description\" content=\"Eingeengt, getreten, wundgelaufen. Unsere F\u00fc\u00dfe m\u00fcssen viel ertragen. W\u00e4hrend dem Gesicht t\u00e4glich viel Zeit gewidmet wird, geh\u00f6ren die F\u00fc\u00dfe meist zu den weniger verw\u00f6hnten Teilen unseres K\u00f6rpers. Kaum jemand cremt sie regelm\u00e4\u00dfig ein oder g\u00f6nnt ihnen ein spezielles Peeling oder gar eine Ampulle oder Packung. Wir verw\u00f6hnen auch Ihre F\u00fc\u00dfe\u2026 Kosmetische Fu\u00dfpflege Fu\u00dfsprudelbad, feilen, \u00fcbersch\u00fcssige [&hellip;]\" \/>\n<meta property=\"og:url\" content=\"http:\/\/bethieshair.de\/studio\/fuspflege\/\" \/>\n<meta property=\"og:site_name\" content=\"Bethies Hair &amp; Nails\" \/>\n<meta property=\"article:modified_time\" content=\"2022-02-14T11:05:58+00:00\" \/>\n<meta property=\"og:image\" content=\"http:\/\/bethieshair.de\/studio\/wp-content\/uploads\/fusspflege-1.png\" \/>\n\t<meta property=\"og:image:width\" content=\"2500\" \/>\n\t<meta property=\"og:image:height\" content=\"790\" \/>\n\t<meta property=\"og:image:type\" content=\"image\/png\" \/>\n<meta name=\"twitter:card\" content=\"summary_large_image\" \/>\n<meta name=\"twitter:label1\" content=\"Gesch\u00e4tzte Lesezeit\" \/>\n\t<meta name=\"twitter:data1\" content=\"1\u00a0Minute\" \/>\n<script type=\"application\/ld+json\" class=\"yoast-schema-graph\">{\"@context\":\"https:\/\/schema.org\",\"@graph\":[{\"@type\":\"WebSite\",\"@id\":\"http:\/\/bethieshair.de\/studio\/#website\",\"url\":\"http:\/\/bethieshair.de\/studio\/\",\"name\":\"Bethies Hair &amp; Nails\",\"description\":\"\",\"potentialAction\":[{\"@type\":\"SearchAction\",\"target\":{\"@type\":\"EntryPoint\",\"urlTemplate\":\"http:\/\/bethieshair.de\/studio\/?s={search_term_string}\"},\"query-input\":\"required name=search_term_string\"}],\"inLanguage\":\"de\"},{\"@type\":\"ImageObject\",\"@id\":\"http:\/\/bethieshair.de\/studio\/fuspflege\/#primaryimage\",\"inLanguage\":\"de\",\"url\":\"http:\/\/bethieshair.de\/studio\/wp-content\/uploads\/fusspflege-1.png\",\"contentUrl\":\"http:\/\/bethieshair.de\/studio\/wp-content\/uploads\/fusspflege-1.png\",\"width\":2500,\"height\":790},{\"@type\":\"WebPage\",\"@id\":\"http:\/\/bethieshair.de\/studio\/fuspflege\/#webpage\",\"url\":\"http:\/\/bethieshair.de\/studio\/fuspflege\/\",\"name\":\"Fu\u00dfpflege - Bethies Hair &amp; Nails\",\"isPartOf\":{\"@id\":\"http:\/\/bethieshair.de\/studio\/#website\"},\"primaryImageOfPage\":{\"@id\":\"http:\/\/bethieshair.de\/studio\/fuspflege\/#primaryimage\"},\"datePublished\":\"2013-06-02T06:37:14+00:00\",\"dateModified\":\"2022-02-14T11:05:58+00:00\",\"breadcrumb\":{\"@id\":\"http:\/\/bethieshair.de\/studio\/fuspflege\/#breadcrumb\"},\"inLanguage\":\"de\",\"potentialAction\":[{\"@type\":\"ReadAction\",\"target\":[\"http:\/\/bethieshair.de\/studio\/fuspflege\/\"]}]},{\"@type\":\"BreadcrumbList\",\"@id\":\"http:\/\/bethieshair.de\/studio\/fuspflege\/#breadcrumb\",\"itemListElement\":[{\"@type\":\"ListItem\",\"position\":1,\"name\":\"Startseite\",\"item\":\"http:\/\/bethieshair.de\/studio\/\"},{\"@type\":\"ListItem\",\"position\":2,\"name\":\"Fu\u00dfpflege\"}]}]}<\/script>\n<!-- \/ Yoast SEO plugin. -->","yoast_head_json":{"title":"Fu\u00dfpflege - Bethies Hair &amp; Nails","robots":{"index":"index","follow":"follow","max-snippet":"max-snippet:-1","max-image-preview":"max-image-preview:large","max-video-preview":"max-video-preview:-1"},"canonical":"http:\/\/bethieshair.de\/studio\/fuspflege\/","og_locale":"de_DE","og_type":"article","og_title":"Fu\u00dfpflege - Bethies Hair &amp; Nails","og_description":"Eingeengt, getreten, wundgelaufen. Unsere F\u00fc\u00dfe m\u00fcssen viel ertragen. W\u00e4hrend dem Gesicht t\u00e4glich viel Zeit gewidmet wird, geh\u00f6ren die F\u00fc\u00dfe meist zu den weniger verw\u00f6hnten Teilen unseres K\u00f6rpers. Kaum jemand cremt sie regelm\u00e4\u00dfig ein oder g\u00f6nnt ihnen ein spezielles Peeling oder gar eine Ampulle oder Packung. Wir verw\u00f6hnen auch Ihre F\u00fc\u00dfe\u2026 Kosmetische Fu\u00dfpflege Fu\u00dfsprudelbad, feilen, \u00fcbersch\u00fcssige [&hellip;]","og_url":"http:\/\/bethieshair.de\/studio\/fuspflege\/","og_site_name":"Bethies Hair &amp; Nails","article_modified_time":"2022-02-14T11:05:58+00:00","og_image":[{"width":2500,"height":790,"url":"http:\/\/bethieshair.de\/studio\/wp-content\/uploads\/fusspflege-1.png","type":"image\/png"}],"twitter_card":"summary_large_image","twitter_misc":{"Gesch\u00e4tzte Lesezeit":"1\u00a0Minute"},"schema":{"@context":"https:\/\/schema.org","@graph":[{"@type":"WebSite","@id":"http:\/\/bethieshair.de\/studio\/#website","url":"http:\/\/bethieshair.de\/studio\/","name":"Bethies Hair &amp; Nails","description":"","potentialAction":[{"@type":"SearchAction","target":{"@type":"EntryPoint","urlTemplate":"http:\/\/bethieshair.de\/studio\/?s={search_term_string}"},"query-input":"required name=search_term_string"}],"inLanguage":"de"},{"@type":"ImageObject","@id":"http:\/\/bethieshair.de\/studio\/fuspflege\/#primaryimage","inLanguage":"de","url":"http:\/\/bethieshair.de\/studio\/wp-content\/uploads\/fusspflege-1.png","contentUrl":"http:\/\/bethieshair.de\/studio\/wp-content\/uploads\/fusspflege-1.png","width":2500,"height":790},{"@type":"WebPage","@id":"http:\/\/bethieshair.de\/studio\/fuspflege\/#webpage","url":"http:\/\/bethieshair.de\/studio\/fuspflege\/","name":"Fu\u00dfpflege - Bethies Hair &amp; Nails","isPartOf":{"@id":"http:\/\/bethieshair.de\/studio\/#website"},"primaryImageOfPage":{"@id":"http:\/\/bethieshair.de\/studio\/fuspflege\/#primaryimage"},"datePublished":"2013-06-02T06:37:14+00:00","dateModified":"2022-02-14T11:05:58+00:00","breadcrumb":{"@id":"http:\/\/bethieshair.de\/studio\/fuspflege\/#breadcrumb"},"inLanguage":"de","potentialAction":[{"@type":"ReadAction","target":["http:\/\/bethieshair.de\/studio\/fuspflege\/"]}]},{"@type":"BreadcrumbList","@id":"http:\/\/bethieshair.de\/studio\/fuspflege\/#breadcrumb","itemListElement":[{"@type":"ListItem","position":1,"name":"Startseite","item":"http:\/\/bethieshair.de\/studio\/"},{"@type":"ListItem","position":2,"name":"Fu\u00dfpflege"}]}]}},"_links":{"self":[{"href":"http:\/\/bethieshair.de\/studio\/wp-json\/wp\/v2\/pages\/16"}],"collection":[{"href":"http:\/\/bethieshair.de\/studio\/wp-json\/wp\/v2\/pages"}],"about":[{"href":"http:\/\/bethieshair.de\/studio\/wp-json\/wp\/v2\/types\/page"}],"author":[{"embeddable":true,"href":"http:\/\/bethieshair.de\/studio\/wp-json\/wp\/v2\/users\/2"}],"replies":[{"embeddable":true,"href":"http:\/\/bethieshair.de\/studio\/wp-json\/wp\/v2\/comments?post=16"}],"version-history":[{"count":11,"href":"http:\/\/bethieshair.de\/studio\/wp-json\/wp\/v2\/pages\/16\/revisions"}],"predecessor-version":[{"id":715,"href":"http:\/\/bethieshair.de\/studio\/wp-json\/wp\/v2\/pages\/16\/revisions\/715"}],"wp:featuredmedia":[{"embeddable":true,"href":"http:\/\/bethieshair.de\/studio\/wp-json\/wp\/v2\/media\/706"}],"wp:attachment":[{"href":"http:\/\/bethieshair.de\/studio\/wp-json\/wp\/v2\/media?parent=16"}],"curies":[{"name":"wp","href":"https:\/\/api.w.org\/{rel}","templated":true}]}}