{"id":17,"date":"2013-06-02T08:37:26","date_gmt":"2013-06-02T06:37:26","guid":{"rendered":"http:\/\/bethieshair.de\/studio\/?page_id=17"},"modified":"2022-02-14T13:00:16","modified_gmt":"2022-02-14T11:00:16","slug":"permanent-make-up","status":"publish","type":"page","link":"http:\/\/bethieshair.de\/studio\/permanent-make-up\/","title":{"rendered":"Permanent Make-up"},"content":{"rendered":"\n<h2>Augenbrauen<img loading=\"lazy\" class=\"size-thumbnail wp-image-34 alignright\" src=\"http:\/\/bethieshair.de\/studio\/wp-content\/uploads\/PM-Augenbraue1-150x150.jpg\" alt=\"Augeenbraue\" width=\"150\" height=\"150\"><\/h2>\n\n\n\n<p>Oft wachsen die Brauen, bedingt durch st\u00e4ndiges Zupfen, unregelm\u00e4ssig und sehr sp\u00e4rlich. F\u00e4rben ist hier nur eine kurzfristige L\u00f6sung. Das Permanent-Make-Up kann die Augenbrauen wieder perfekt herstellen. Die vorher vermessene Form der Augenbrauen wird zun\u00e4chst mit einem feinen Konturenstift vorgezeichnet. W\u00e4hrend der 90-minutigen Behandlung werden immer wieder Form und Farbe kontrolliert. Einzelne H\u00e4rchen k\u00f6nnen ebenso subtil und exakt gezeichnet werden.<\/p>\n\n\n\n<figure class=\"wp-block-table is-style-regular\"><table class=\"has-fixed-layout\"><tbody><tr><td>\u2022 Augenbrauenschattierung<\/td><td>200,- \u20ac<\/td><\/tr><tr><td><br>\u2022 Augenbrauen-H\u00e4rchenzeichnung<\/td><td>250,- \u20ac<\/td><\/tr><\/tbody><\/table><\/figure>\n\n\n\n<h2><img loading=\"lazy\" class=\"size-thumbnail wp-image-35 alignright\" src=\"http:\/\/bethieshair.de\/studio\/wp-content\/uploads\/PM-Lidstrich-150x150.jpg\" alt=\"Lidstrich\" width=\"150\" height=\"150\">&nbsp;Lidstrich<\/h2>\n\n\n\n<p>Beim Pigmentieren des hochempfindlichen oberen und unteren Lidrandes werden die Farbpigmente mit dem pr\u00e4zise arbeitenden Skin-Liner nur bis zur 2. Hautschicht gebracht. Dauer der Behandlung ca. 90 Minuten.<\/p>\n\n\n\n<figure class=\"wp-block-table is-style-regular\"><table class=\"has-fixed-layout\"><tbody><tr><td>  \u2022  Wimpernkranzverdichtung<\/td><td>150,- \u20ac<\/td><\/tr><tr><td><br>  \u2022  Lidstrich oben<\/td><td>150,- \u20ac<\/td><\/tr><tr><td><br>  \u2022  Lidstrich unten<\/td><td>120,- \u20ac<\/td><\/tr><tr><td> <br> \u2022  Lidstrich oben + unten<\/td><td>250,- \u20ac<\/td><\/tr><\/tbody><\/table><\/figure>\n\n\n\n<h2><img loading=\"lazy\" class=\"size-thumbnail wp-image-36 alignright\" src=\"http:\/\/bethieshair.de\/studio\/wp-content\/uploads\/PM-Lippenhighlight-150x150.jpg\" alt=\"Lippenkontur\" width=\"150\" height=\"150\">Lippen<\/h2>\n\n\n\n<p>Bei einer Lippenbetonung wird die nat\u00fcrliche Kontur nur nachgezeichnet. Ist eine Vergr\u00f6\u00dferung oder Korrektur der Lippenform gew\u00fcnscht, wird die Hautfl\u00e4che zwischen der neuen Kontur und dem nat\u00fcrlichen Lippenrot dauerhaft schattiert. Dauer der Behandlung ca. 120 Minuten.<\/p>\n\n\n\n<figure class=\"wp-block-table is-style-regular\"><table class=\"has-fixed-layout\"><tbody><tr><td>  \u2022  Lippenkontur + Schattierung<\/td><td>280,- \u20ac<\/td><\/tr><tr><td><br>  \u2022  Lippenkontur<\/td><td>250,- \u20ac<\/td><\/tr><\/tbody><\/table><\/figure>\n\n\n\n<p><strong>Vereinbaren Sie noch heute Ihren pers\u00f6nlichen (nat\u00fcrlich kostenlosen) Beratungstermin!<\/strong><\/p>\n","protected":false},"excerpt":{"rendered":"<p>Augenbrauen Oft wachsen die Brauen, bedingt durch st\u00e4ndiges Zupfen, unregelm\u00e4ssig und sehr sp\u00e4rlich. F\u00e4rben ist hier nur eine kurzfristige L\u00f6sung. Das Permanent-Make-Up kann die Augenbrauen wieder perfekt herstellen. Die vorher vermessene Form der Augenbrauen wird zun\u00e4chst mit einem feinen Konturenstift vorgezeichnet. W\u00e4hrend der 90-minutigen Behandlung werden immer wieder Form und Farbe kontrolliert. Einzelne H\u00e4rchen k\u00f6nnen [&hellip;]<\/p>\n","protected":false},"author":2,"featured_media":701,"parent":0,"menu_order":2,"comment_status":"closed","ping_status":"closed","template":"template-full-width.php","meta":[],"yoast_head":"<!-- This site is optimized with the Yoast SEO plugin v18.2 - https:\/\/yoast.com\/wordpress\/plugins\/seo\/ -->\n<title>Permanent Make-up - Bethies Hair &amp; Nails<\/title>\n<meta name=\"robots\" content=\"index, follow, max-snippet:-1, max-image-preview:large, max-video-preview:-1\" \/>\n<link rel=\"canonical\" href=\"http:\/\/bethieshair.de\/studio\/permanent-make-up\/\" \/>\n<meta property=\"og:locale\" content=\"de_DE\" \/>\n<meta property=\"og:type\" content=\"article\" \/>\n<meta property=\"og:title\" content=\"Permanent Make-up - Bethies Hair &amp; Nails\" \/>\n<meta property=\"og:description\" content=\"Augenbrauen Oft wachsen die Brauen, bedingt durch st\u00e4ndiges Zupfen, unregelm\u00e4ssig und sehr sp\u00e4rlich. F\u00e4rben ist hier nur eine kurzfristige L\u00f6sung. Das Permanent-Make-Up kann die Augenbrauen wieder perfekt herstellen. Die vorher vermessene Form der Augenbrauen wird zun\u00e4chst mit einem feinen Konturenstift vorgezeichnet. W\u00e4hrend der 90-minutigen Behandlung werden immer wieder Form und Farbe kontrolliert. Einzelne H\u00e4rchen k\u00f6nnen [&hellip;]\" \/>\n<meta property=\"og:url\" content=\"http:\/\/bethieshair.de\/studio\/permanent-make-up\/\" \/>\n<meta property=\"og:site_name\" content=\"Bethies Hair &amp; Nails\" \/>\n<meta property=\"article:modified_time\" content=\"2022-02-14T11:00:16+00:00\" \/>\n<meta property=\"og:image\" content=\"http:\/\/bethieshair.de\/studio\/wp-content\/uploads\/permanentmake-up-bethie-1024x324.png\" \/>\n\t<meta property=\"og:image:width\" content=\"1024\" \/>\n\t<meta property=\"og:image:height\" content=\"324\" \/>\n\t<meta property=\"og:image:type\" content=\"image\/png\" \/>\n<meta name=\"twitter:card\" content=\"summary_large_image\" \/>\n<meta name=\"twitter:label1\" content=\"Gesch\u00e4tzte Lesezeit\" \/>\n\t<meta name=\"twitter:data1\" content=\"2\u00a0Minuten\" \/>\n<script type=\"application\/ld+json\" class=\"yoast-schema-graph\">{\"@context\":\"https:\/\/schema.org\",\"@graph\":[{\"@type\":\"WebSite\",\"@id\":\"http:\/\/bethieshair.de\/studio\/#website\",\"url\":\"http:\/\/bethieshair.de\/studio\/\",\"name\":\"Bethies Hair &amp; Nails\",\"description\":\"\",\"potentialAction\":[{\"@type\":\"SearchAction\",\"target\":{\"@type\":\"EntryPoint\",\"urlTemplate\":\"http:\/\/bethieshair.de\/studio\/?s={search_term_string}\"},\"query-input\":\"required name=search_term_string\"}],\"inLanguage\":\"de\"},{\"@type\":\"ImageObject\",\"@id\":\"http:\/\/bethieshair.de\/studio\/permanent-make-up\/#primaryimage\",\"inLanguage\":\"de\",\"url\":\"http:\/\/bethieshair.de\/studio\/wp-content\/uploads\/permanentmake-up-bethie.png\",\"contentUrl\":\"http:\/\/bethieshair.de\/studio\/wp-content\/uploads\/permanentmake-up-bethie.png\",\"width\":2500,\"height\":790},{\"@type\":\"WebPage\",\"@id\":\"http:\/\/bethieshair.de\/studio\/permanent-make-up\/#webpage\",\"url\":\"http:\/\/bethieshair.de\/studio\/permanent-make-up\/\",\"name\":\"Permanent Make-up - Bethies Hair &amp; Nails\",\"isPartOf\":{\"@id\":\"http:\/\/bethieshair.de\/studio\/#website\"},\"primaryImageOfPage\":{\"@id\":\"http:\/\/bethieshair.de\/studio\/permanent-make-up\/#primaryimage\"},\"datePublished\":\"2013-06-02T06:37:26+00:00\",\"dateModified\":\"2022-02-14T11:00:16+00:00\",\"breadcrumb\":{\"@id\":\"http:\/\/bethieshair.de\/studio\/permanent-make-up\/#breadcrumb\"},\"inLanguage\":\"de\",\"potentialAction\":[{\"@type\":\"ReadAction\",\"target\":[\"http:\/\/bethieshair.de\/studio\/permanent-make-up\/\"]}]},{\"@type\":\"BreadcrumbList\",\"@id\":\"http:\/\/bethieshair.de\/studio\/permanent-make-up\/#breadcrumb\",\"itemListElement\":[{\"@type\":\"ListItem\",\"position\":1,\"name\":\"Startseite\",\"item\":\"http:\/\/bethieshair.de\/studio\/\"},{\"@type\":\"ListItem\",\"position\":2,\"name\":\"Permanent Make-up\"}]}]}<\/script>\n<!-- \/ Yoast SEO plugin. -->","yoast_head_json":{"title":"Permanent Make-up - Bethies Hair &amp; Nails","robots":{"index":"index","follow":"follow","max-snippet":"max-snippet:-1","max-image-preview":"max-image-preview:large","max-video-preview":"max-video-preview:-1"},"canonical":"http:\/\/bethieshair.de\/studio\/permanent-make-up\/","og_locale":"de_DE","og_type":"article","og_title":"Permanent Make-up - Bethies Hair &amp; Nails","og_description":"Augenbrauen Oft wachsen die Brauen, bedingt durch st\u00e4ndiges Zupfen, unregelm\u00e4ssig und sehr sp\u00e4rlich. F\u00e4rben ist hier nur eine kurzfristige L\u00f6sung. Das Permanent-Make-Up kann die Augenbrauen wieder perfekt herstellen. Die vorher vermessene Form der Augenbrauen wird zun\u00e4chst mit einem feinen Konturenstift vorgezeichnet. W\u00e4hrend der 90-minutigen Behandlung werden immer wieder Form und Farbe kontrolliert. Einzelne H\u00e4rchen k\u00f6nnen [&hellip;]","og_url":"http:\/\/bethieshair.de\/studio\/permanent-make-up\/","og_site_name":"Bethies Hair &amp; Nails","article_modified_time":"2022-02-14T11:00:16+00:00","og_image":[{"width":1024,"height":324,"url":"http:\/\/bethieshair.de\/studio\/wp-content\/uploads\/permanentmake-up-bethie-1024x324.png","type":"image\/png"}],"twitter_card":"summary_large_image","twitter_misc":{"Gesch\u00e4tzte Lesezeit":"2\u00a0Minuten"},"schema":{"@context":"https:\/\/schema.org","@graph":[{"@type":"WebSite","@id":"http:\/\/bethieshair.de\/studio\/#website","url":"http:\/\/bethieshair.de\/studio\/","name":"Bethies Hair &amp; Nails","description":"","potentialAction":[{"@type":"SearchAction","target":{"@type":"EntryPoint","urlTemplate":"http:\/\/bethieshair.de\/studio\/?s={search_term_string}"},"query-input":"required name=search_term_string"}],"inLanguage":"de"},{"@type":"ImageObject","@id":"http:\/\/bethieshair.de\/studio\/permanent-make-up\/#primaryimage","inLanguage":"de","url":"http:\/\/bethieshair.de\/studio\/wp-content\/uploads\/permanentmake-up-bethie.png","contentUrl":"http:\/\/bethieshair.de\/studio\/wp-content\/uploads\/permanentmake-up-bethie.png","width":2500,"height":790},{"@type":"WebPage","@id":"http:\/\/bethieshair.de\/studio\/permanent-make-up\/#webpage","url":"http:\/\/bethieshair.de\/studio\/permanent-make-up\/","name":"Permanent Make-up - Bethies Hair &amp; Nails","isPartOf":{"@id":"http:\/\/bethieshair.de\/studio\/#website"},"primaryImageOfPage":{"@id":"http:\/\/bethieshair.de\/studio\/permanent-make-up\/#primaryimage"},"datePublished":"2013-06-02T06:37:26+00:00","dateModified":"2022-02-14T11:00:16+00:00","breadcrumb":{"@id":"http:\/\/bethieshair.de\/studio\/permanent-make-up\/#breadcrumb"},"inLanguage":"de","potentialAction":[{"@type":"ReadAction","target":["http:\/\/bethieshair.de\/studio\/permanent-make-up\/"]}]},{"@type":"BreadcrumbList","@id":"http:\/\/bethieshair.de\/studio\/permanent-make-up\/#breadcrumb","itemListElement":[{"@type":"ListItem","position":1,"name":"Startseite","item":"http:\/\/bethieshair.de\/studio\/"},{"@type":"ListItem","position":2,"name":"Permanent Make-up"}]}]}},"_links":{"self":[{"href":"http:\/\/bethieshair.de\/studio\/wp-json\/wp\/v2\/pages\/17"}],"collection":[{"href":"http:\/\/bethieshair.de\/studio\/wp-json\/wp\/v2\/pages"}],"about":[{"href":"http:\/\/bethieshair.de\/studio\/wp-json\/wp\/v2\/types\/page"}],"author":[{"embeddable":true,"href":"http:\/\/bethieshair.de\/studio\/wp-json\/wp\/v2\/users\/2"}],"replies":[{"embeddable":true,"href":"http:\/\/bethieshair.de\/studio\/wp-json\/wp\/v2\/comments?post=17"}],"version-history":[{"count":26,"href":"http:\/\/bethieshair.de\/studio\/wp-json\/wp\/v2\/pages\/17\/revisions"}],"predecessor-version":[{"id":618,"href":"http:\/\/bethieshair.de\/studio\/wp-json\/wp\/v2\/pages\/17\/revisions\/618"}],"wp:featuredmedia":[{"embeddable":true,"href":"http:\/\/bethieshair.de\/studio\/wp-json\/wp\/v2\/media\/701"}],"wp:attachment":[{"href":"http:\/\/bethieshair.de\/studio\/wp-json\/wp\/v2\/media?parent=17"}],"curies":[{"name":"wp","href":"https:\/\/api.w.org\/{rel}","templated":true}]}}