{"id":18,"date":"2013-06-02T08:37:44","date_gmt":"2013-06-02T06:37:44","guid":{"rendered":"http:\/\/bethieshair.de\/studio\/?page_id=18"},"modified":"2022-02-14T13:05:21","modified_gmt":"2022-02-14T11:05:21","slug":"wimpernverlangerung","status":"publish","type":"page","link":"http:\/\/bethieshair.de\/studio\/wimpernverlangerung\/","title":{"rendered":"Wimpern"},"content":{"rendered":"<h2><b><i>Dauerhafte Wimpernextensions von XtraLash!<\/i><\/b><\/h2>\n<figure id=\"attachment_62\" aria-describedby=\"caption-attachment-62\" style=\"width: 150px\" class=\"wp-caption alignright\"><a href=\"http:\/\/bethieshair.de\/studio\/ausbildungen\/\"><img loading=\"lazy\" class=\"size-thumbnail wp-image-62  \" src=\"http:\/\/bethieshair.de\/studio\/wp-content\/uploads\/Fotolia_24781034_S-150x150.jpg\" alt=\"Ausbildung hier...\" width=\"150\" height=\"150\"><\/a><figcaption id=\"caption-attachment-62\" class=\"wp-caption-text\"><a title=\"Ausbildungen Hand &amp; Nails Academy for beauty...\" href=\"http:\/\/bethieshair.de\/studio\/ausbildungen\/\">Ausbildung hier&#8230;<\/a><\/figcaption><\/figure>\n<p>Perfekt gestylte Wimpern ohne Mascara &amp;&nbsp;Wimpernzange. Endlich gibt es eine Methode, die diesen Wunsch wahr werden l\u00e4sst.<br><b><i><br><\/i><\/b>Fast jede Frau benutzt Mascara. Jedoch w\u00fcnschten wir uns manchmal, ohne ihn auszukommen. Das st\u00e4ndige Schminken und Abschminken kostet uns viel Zeit und Geduld, denn oftmals verkleben oder verklumpen die Wimpern durch den Mascara. Oder leiden Sie unter sehr kurzen und feinen Wimpern, bei denen selbst Mascara versagt? Diese Zeiten geh\u00f6ren der Vergangenheit an.<\/p>\n<p><b><i>Dauerhafte Wimpernextensions von XtraLash<\/i><\/b> sind nicht zu vergleichen mit herk\u00f6mmlichen Methoden, denn hierbei werden einzelne Wimpern (Synthetisch- oder Echthaar erh\u00e4ltlich) direkt auf die eigene Wimper appliziert und zwar so, das ein wundersch\u00f6nes, nat\u00fcrliches Ergebnis entsteht. Die Wimpernextensions sollten&nbsp;regelm\u00e4\u00dfig aufgefrischt werden, da sie durch den Wachstumszyklus mit den eigenen Wimpern ausfallen.<\/p>\n\n\n<h2>Wimpernverl\u00e4ngerung<\/h2>\n\n\n\n<figure class=\"wp-block-table\"><table><tbody><tr><td>Nat\u00fcrlich (1:1)<\/td><td>99,- \u20ac<\/td><\/tr><tr><td>Hybrid (1D-3D)<\/td><td>120,- \u20ac<\/td><\/tr><tr><td>Voluemn (3D-6D)<\/td><td>139,- \u20ac<\/td><\/tr><tr><td><\/td><td><\/td><\/tr><tr><td><br><strong>Auff\u00fcllend \/ Refill nach 3-4 Wochen<\/strong><\/td><td><\/td><\/tr><tr><td>Nat\u00fcrlich (1:1)<\/td><td>55,- \u20ac<\/td><\/tr><tr><td>Hybrid (1D-3D)<\/td><td>65,- \u20ac<\/td><\/tr><tr><td>Voluemn (3D-6D)<\/td><td>75,- \u20ac<\/td><\/tr><tr><td><\/td><td><\/td><\/tr><tr><td><br>Wimpernlifting<\/td><td><br>39,- \u20ac<\/td><\/tr><tr><td>Browlifting<\/td><td>39,- \u20ac<\/td><\/tr><tr><td>Hennabrows<\/td><td>39,- \u20ac<\/td><\/tr><\/tbody><\/table><\/figure>\n","protected":false},"excerpt":{"rendered":"<p>Dauerhafte Wimpernextensions von XtraLash! Perfekt gestylte Wimpern ohne Mascara &amp;&nbsp;Wimpernzange. Endlich gibt es eine Methode, die diesen Wunsch wahr werden l\u00e4sst.Fast jede Frau benutzt Mascara. Jedoch w\u00fcnschten wir uns manchmal, ohne ihn auszukommen. Das st\u00e4ndige Schminken und Abschminken kostet uns viel Zeit und Geduld, denn oftmals verkleben oder verklumpen die Wimpern durch den Mascara. Oder [&hellip;]<\/p>\n","protected":false},"author":2,"featured_media":704,"parent":0,"menu_order":5,"comment_status":"closed","ping_status":"closed","template":"template-full-width.php","meta":[],"yoast_head":"<!-- This site is optimized with the Yoast SEO plugin v18.2 - https:\/\/yoast.com\/wordpress\/plugins\/seo\/ -->\n<title>Wimpern - Bethies Hair &amp; Nails<\/title>\n<meta name=\"robots\" content=\"index, follow, max-snippet:-1, max-image-preview:large, max-video-preview:-1\" \/>\n<link rel=\"canonical\" href=\"http:\/\/bethieshair.de\/studio\/wimpernverlangerung\/\" \/>\n<meta property=\"og:locale\" content=\"de_DE\" \/>\n<meta property=\"og:type\" content=\"article\" \/>\n<meta property=\"og:title\" content=\"Wimpern - Bethies Hair &amp; Nails\" \/>\n<meta property=\"og:description\" content=\"Dauerhafte Wimpernextensions von XtraLash! Perfekt gestylte Wimpern ohne Mascara &amp;&nbsp;Wimpernzange. Endlich gibt es eine Methode, die diesen Wunsch wahr werden l\u00e4sst.Fast jede Frau benutzt Mascara. Jedoch w\u00fcnschten wir uns manchmal, ohne ihn auszukommen. Das st\u00e4ndige Schminken und Abschminken kostet uns viel Zeit und Geduld, denn oftmals verkleben oder verklumpen die Wimpern durch den Mascara. Oder [&hellip;]\" \/>\n<meta property=\"og:url\" content=\"http:\/\/bethieshair.de\/studio\/wimpernverlangerung\/\" \/>\n<meta property=\"og:site_name\" content=\"Bethies Hair &amp; Nails\" \/>\n<meta property=\"article:modified_time\" content=\"2022-02-14T11:05:21+00:00\" \/>\n<meta property=\"og:image\" content=\"http:\/\/bethieshair.de\/studio\/wp-content\/uploads\/wimpern-1.png\" \/>\n\t<meta property=\"og:image:width\" content=\"2500\" \/>\n\t<meta property=\"og:image:height\" content=\"790\" \/>\n\t<meta property=\"og:image:type\" content=\"image\/png\" \/>\n<meta name=\"twitter:card\" content=\"summary_large_image\" \/>\n<meta name=\"twitter:label1\" content=\"Gesch\u00e4tzte Lesezeit\" \/>\n\t<meta name=\"twitter:data1\" content=\"1\u00a0Minute\" \/>\n<script type=\"application\/ld+json\" class=\"yoast-schema-graph\">{\"@context\":\"https:\/\/schema.org\",\"@graph\":[{\"@type\":\"WebSite\",\"@id\":\"http:\/\/bethieshair.de\/studio\/#website\",\"url\":\"http:\/\/bethieshair.de\/studio\/\",\"name\":\"Bethies Hair &amp; Nails\",\"description\":\"\",\"potentialAction\":[{\"@type\":\"SearchAction\",\"target\":{\"@type\":\"EntryPoint\",\"urlTemplate\":\"http:\/\/bethieshair.de\/studio\/?s={search_term_string}\"},\"query-input\":\"required name=search_term_string\"}],\"inLanguage\":\"de\"},{\"@type\":\"ImageObject\",\"@id\":\"http:\/\/bethieshair.de\/studio\/wimpernverlangerung\/#primaryimage\",\"inLanguage\":\"de\",\"url\":\"http:\/\/bethieshair.de\/studio\/wp-content\/uploads\/wimpern-1.png\",\"contentUrl\":\"http:\/\/bethieshair.de\/studio\/wp-content\/uploads\/wimpern-1.png\",\"width\":2500,\"height\":790},{\"@type\":\"WebPage\",\"@id\":\"http:\/\/bethieshair.de\/studio\/wimpernverlangerung\/#webpage\",\"url\":\"http:\/\/bethieshair.de\/studio\/wimpernverlangerung\/\",\"name\":\"Wimpern - Bethies Hair &amp; Nails\",\"isPartOf\":{\"@id\":\"http:\/\/bethieshair.de\/studio\/#website\"},\"primaryImageOfPage\":{\"@id\":\"http:\/\/bethieshair.de\/studio\/wimpernverlangerung\/#primaryimage\"},\"datePublished\":\"2013-06-02T06:37:44+00:00\",\"dateModified\":\"2022-02-14T11:05:21+00:00\",\"breadcrumb\":{\"@id\":\"http:\/\/bethieshair.de\/studio\/wimpernverlangerung\/#breadcrumb\"},\"inLanguage\":\"de\",\"potentialAction\":[{\"@type\":\"ReadAction\",\"target\":[\"http:\/\/bethieshair.de\/studio\/wimpernverlangerung\/\"]}]},{\"@type\":\"BreadcrumbList\",\"@id\":\"http:\/\/bethieshair.de\/studio\/wimpernverlangerung\/#breadcrumb\",\"itemListElement\":[{\"@type\":\"ListItem\",\"position\":1,\"name\":\"Startseite\",\"item\":\"http:\/\/bethieshair.de\/studio\/\"},{\"@type\":\"ListItem\",\"position\":2,\"name\":\"Wimpern\"}]}]}<\/script>\n<!-- \/ Yoast SEO plugin. -->","yoast_head_json":{"title":"Wimpern - Bethies Hair &amp; Nails","robots":{"index":"index","follow":"follow","max-snippet":"max-snippet:-1","max-image-preview":"max-image-preview:large","max-video-preview":"max-video-preview:-1"},"canonical":"http:\/\/bethieshair.de\/studio\/wimpernverlangerung\/","og_locale":"de_DE","og_type":"article","og_title":"Wimpern - Bethies Hair &amp; Nails","og_description":"Dauerhafte Wimpernextensions von XtraLash! Perfekt gestylte Wimpern ohne Mascara &amp;&nbsp;Wimpernzange. Endlich gibt es eine Methode, die diesen Wunsch wahr werden l\u00e4sst.Fast jede Frau benutzt Mascara. Jedoch w\u00fcnschten wir uns manchmal, ohne ihn auszukommen. Das st\u00e4ndige Schminken und Abschminken kostet uns viel Zeit und Geduld, denn oftmals verkleben oder verklumpen die Wimpern durch den Mascara. Oder [&hellip;]","og_url":"http:\/\/bethieshair.de\/studio\/wimpernverlangerung\/","og_site_name":"Bethies Hair &amp; Nails","article_modified_time":"2022-02-14T11:05:21+00:00","og_image":[{"width":2500,"height":790,"url":"http:\/\/bethieshair.de\/studio\/wp-content\/uploads\/wimpern-1.png","type":"image\/png"}],"twitter_card":"summary_large_image","twitter_misc":{"Gesch\u00e4tzte Lesezeit":"1\u00a0Minute"},"schema":{"@context":"https:\/\/schema.org","@graph":[{"@type":"WebSite","@id":"http:\/\/bethieshair.de\/studio\/#website","url":"http:\/\/bethieshair.de\/studio\/","name":"Bethies Hair &amp; Nails","description":"","potentialAction":[{"@type":"SearchAction","target":{"@type":"EntryPoint","urlTemplate":"http:\/\/bethieshair.de\/studio\/?s={search_term_string}"},"query-input":"required name=search_term_string"}],"inLanguage":"de"},{"@type":"ImageObject","@id":"http:\/\/bethieshair.de\/studio\/wimpernverlangerung\/#primaryimage","inLanguage":"de","url":"http:\/\/bethieshair.de\/studio\/wp-content\/uploads\/wimpern-1.png","contentUrl":"http:\/\/bethieshair.de\/studio\/wp-content\/uploads\/wimpern-1.png","width":2500,"height":790},{"@type":"WebPage","@id":"http:\/\/bethieshair.de\/studio\/wimpernverlangerung\/#webpage","url":"http:\/\/bethieshair.de\/studio\/wimpernverlangerung\/","name":"Wimpern - Bethies Hair &amp; Nails","isPartOf":{"@id":"http:\/\/bethieshair.de\/studio\/#website"},"primaryImageOfPage":{"@id":"http:\/\/bethieshair.de\/studio\/wimpernverlangerung\/#primaryimage"},"datePublished":"2013-06-02T06:37:44+00:00","dateModified":"2022-02-14T11:05:21+00:00","breadcrumb":{"@id":"http:\/\/bethieshair.de\/studio\/wimpernverlangerung\/#breadcrumb"},"inLanguage":"de","potentialAction":[{"@type":"ReadAction","target":["http:\/\/bethieshair.de\/studio\/wimpernverlangerung\/"]}]},{"@type":"BreadcrumbList","@id":"http:\/\/bethieshair.de\/studio\/wimpernverlangerung\/#breadcrumb","itemListElement":[{"@type":"ListItem","position":1,"name":"Startseite","item":"http:\/\/bethieshair.de\/studio\/"},{"@type":"ListItem","position":2,"name":"Wimpern"}]}]}},"_links":{"self":[{"href":"http:\/\/bethieshair.de\/studio\/wp-json\/wp\/v2\/pages\/18"}],"collection":[{"href":"http:\/\/bethieshair.de\/studio\/wp-json\/wp\/v2\/pages"}],"about":[{"href":"http:\/\/bethieshair.de\/studio\/wp-json\/wp\/v2\/types\/page"}],"author":[{"embeddable":true,"href":"http:\/\/bethieshair.de\/studio\/wp-json\/wp\/v2\/users\/2"}],"replies":[{"embeddable":true,"href":"http:\/\/bethieshair.de\/studio\/wp-json\/wp\/v2\/comments?post=18"}],"version-history":[{"count":11,"href":"http:\/\/bethieshair.de\/studio\/wp-json\/wp\/v2\/pages\/18\/revisions"}],"predecessor-version":[{"id":677,"href":"http:\/\/bethieshair.de\/studio\/wp-json\/wp\/v2\/pages\/18\/revisions\/677"}],"wp:featuredmedia":[{"embeddable":true,"href":"http:\/\/bethieshair.de\/studio\/wp-json\/wp\/v2\/media\/704"}],"wp:attachment":[{"href":"http:\/\/bethieshair.de\/studio\/wp-json\/wp\/v2\/media?parent=18"}],"curies":[{"name":"wp","href":"https:\/\/api.w.org\/{rel}","templated":true}]}}