{"id":724,"date":"2022-03-10T16:48:32","date_gmt":"2022-03-10T14:48:32","guid":{"rendered":"http:\/\/bethieshair.de\/studio\/?page_id=724"},"modified":"2022-03-10T17:05:48","modified_gmt":"2022-03-10T15:05:48","slug":"hyaluron-special-day","status":"publish","type":"page","link":"http:\/\/bethieshair.de\/studio\/hyaluron-special-day\/","title":{"rendered":"Hyaluron-Special-Day"},"content":{"rendered":"\n<p>An diesem Tag ist die Heilpraktikerin Brigitta W\u00fcrfl bei uns im Studio und bietet mit uns zusammen diesen wunderbaren Hyaluron-Special &#8211; Day an. <br>An diesem Tag kostet zum Beispiel das Hyaluron von Saypha 179 \u20ac\/1ml (egal welche Partie, bzw. welche St\u00e4rke). Angeboten werden an diesem Tag, Fett-Weg-Spritze, Fadenlifting mit PDO\/PCL F\u00e4den, Notox. F\u00fcr n\u00e4here Informationen bez\u00fcglich der Behandlung kann mit Frau W\u00fcrfl direkt Kontakt aufgenommen werden. Sie erreichen Frau W\u00fcrfl unter info@skinaesthetics-atelier.de oder 07152\/948028<\/p>\n\n\n\n<div class=\"wp-block-buttons\">\n<div class=\"wp-block-button\"><a class=\"wp-block-button__link\" href=\"mailto:info@skinaesthetics-atelier.de\">Kontakt Frau W\u00fcrfl<\/a><\/div>\n<\/div>\n\n\n\n<h2><\/h2>\n\n\n\n<div class=\"wp-block-image\"><figure class=\"alignleft size-large is-resized\"><a href=\"http:\/\/bethieshair.de\/studio\/wp-content\/uploads\/BrigittaWuerfl-scaled.jpg\"><img loading=\"lazy\" src=\"http:\/\/bethieshair.de\/studio\/wp-content\/uploads\/BrigittaWuerfl-731x1024.jpg\" alt=\"\" class=\"wp-image-725\" width=\"170\" height=\"238\" srcset=\"http:\/\/bethieshair.de\/studio\/wp-content\/uploads\/BrigittaWuerfl-731x1024.jpg 731w, http:\/\/bethieshair.de\/studio\/wp-content\/uploads\/BrigittaWuerfl-214x300.jpg 214w, http:\/\/bethieshair.de\/studio\/wp-content\/uploads\/BrigittaWuerfl-768x1075.jpg 768w, http:\/\/bethieshair.de\/studio\/wp-content\/uploads\/BrigittaWuerfl-1097x1536.jpg 1097w, http:\/\/bethieshair.de\/studio\/wp-content\/uploads\/BrigittaWuerfl-1463x2048.jpg 1463w, http:\/\/bethieshair.de\/studio\/wp-content\/uploads\/BrigittaWuerfl-scaled.jpg 1828w\" sizes=\"(max-width: 170px) 100vw, 170px\" \/><\/a><figcaption>Brigitta W\u00fcrfl &#8211; Heilpraktikerin<\/figcaption><\/figure><\/div>\n\n\n\n<p><strong>Unterspritzung der Lippen<\/strong>,<strong> Wangen, Kinn, Jawline, H\u00e4nde, Nase<\/strong>, <strong>Nasolabialfalte<\/strong><\/p>\n\n\n\n<p>Volle und sinnliche Lippen mit einer anmutigen Form sind attraktiv. Noch nie haben Frauen jeden Alters so viel Wert auf sch\u00f6n geformte Lippen gelegt.<\/p>\n\n\n\n<p>Doch nicht nur die Verbesserung der Lippenform ist ein Grund, sich die Lippen vergr\u00f6\u00dfern zu lassen. Mit zunehmendem Alter verliert man leider Volumen der Lippen und einen Gro\u00dfteil des Kollagens, das unsere Lippenform unterst\u00fctzt. Das Resultat sind schmale und kaum sichtbare Lippen. Mit Hilfe von Hyalurons\u00e4ure-Fillern k\u00f6nnen die Lippen aufgepolstert, das Volumen wiederhergestellt oder die Konturen neu definiert werden. Hierzu gibt es unterschiedliche Techniken \u2013 u.a. auch Russian Lips\u2026<br>Auch die Lippenr\u00e4nder k\u00f6nnen mit F\u00e4den betont werden.<\/p>\n\n\n\n<p>Eines ist sicher: F\u00fcr sch\u00f6ne Lippen ist man nie zu alt&nbsp;<\/p>\n\n\n\n<p><strong>Wie lange dauert eine Behandlung?<\/strong><\/p>\n\n\n\n<p>Die Behandlung dauert etwa 30 bis 45 Minuten, variiert je nach Technik und Umfang.<\/p>\n\n\n\n<p><strong>Wann ist das Ergebnis sichtbar?<\/strong><\/p>\n\n\n\n<p>Der Volumeneffekt ist sofort zu sehen. In den folgenden Tagen, nach der Behandlung, geht die Schwellung zur\u00fcck und die Filler binden Fl\u00fcssigkeit. Daher dauert es etwa 1-2 Wochen, bis das endg\u00fcltige Ergebnis der Behandlung zu erkennen ist.<\/p>\n\n\n\n<p><strong>Welche Komplikationen k\u00f6nnen auftreten?<\/strong><\/p>\n\n\n\n<p>Eine unsachgem\u00e4\u00dfe Unterspritzung kann zu einer Asymmetrie f\u00fchren. Gef\u00fcrchtet sind Gef\u00e4ssverschl\u00fcsse\u2026<br>Um Gef\u00e4ssverschl\u00fcsse zu verhindern, ist eine sehr gute Ausbildung notwendig, um auch in einem Notfall ad\u00e4quat reagieren zu k\u00f6nnen.<br>Diese Ausbildungen k\u00f6nnen wir alle vorweisen. Fortbildungen sind f\u00fcr uns das A und O.&nbsp;<\/p>\n\n\n\n<p><strong>Wann darf eine Lippe nicht unterspritzt werden?<\/strong><\/p>\n\n\n\n<p>Ausschlusskriterien sind das Vorliegen von Allergien und aktiven Hautkrankheiten wie Herpes. Vor der Behandlung erhalten Sie den Anamnesebogen vorab per Email, welchen wir vor der Behandlung ben\u00f6tigen, um eventuelle Problematiken vorher abzukl\u00e4ren. Wichtige Informationen f\u00fcr uns sind auch; vorangegangene Operationen, Vorerkrankungen oder Medikamenteneinnahme ggfs. kann dann eine Unterspritzung nicht sofort oder auch gar nicht statt finden.&nbsp;<\/p>\n\n\n\n<h3>In folgenden F\u00e4llen f\u00fchren wir&nbsp;KEINE&nbsp;Unterspritzung<br>mit Hyalurons\u00e4ure durch:<\/h3>\n\n\n\n<ul><li>in Schwangerschaft und Stillzeit<\/li><li>bei Vorliegen einer tats\u00e4chlichen Bienen-\/Wespengift- sowie Lidocain-Allergie<\/li><li>bei Vorliegen einer st\u00e4rkeren Allergie<\/li><li>bei Vorliegen von infizierten Hautarealen oder Herpes<\/li><li>w\u00e4hrend eines Infektionsgeschehens<\/li><li>bei Einnahme von Antibiotika und Kortison<\/li><li>mindestens 2 Wochen nach vorangegangener Operation, je nach Ausma\u00df und Heilungsverlauf auch bis zu 6 Monaten<\/li><li>bei gleichzeitiger Behandlung mit Botulinumtoxin im selben Injektionsgebiet<\/li><li>nach einer Impfung in den letzten 4 Wochen, nach einer Covid-19-Impfung in den letzten 6 Wochen<\/li><li>mit frischem Tattoo, Piercing oder Permanent Make-up<\/li><\/ul>\n\n\n\n<p><strong>Gibt es nach der Behandlung irgendwelche Einschr\u00e4nkungen?<\/strong><\/p>\n\n\n\n<p>Nach der Behandlung k\u00f6nnen Sie sofort zur Arbeit gehen. Es k\u00f6nnen Schwellungen auftreten. Hier gibt es Vorkehrungen, welche sehr hilfreich sind, dass die Schwellung schneller abklingt, wie z.B. Arnica D6, Bromelain, K\u00fchlpads usw.<br>Die Lippe sollte nur nach Anweisung massiert werden.<\/p>\n\n\n\n<p>Weitere Anweisungen erhalten Sie per Email und am Behandlungstag ausgeh\u00e4ndigt! <\/p>\n\n\n\n<p><strong>F\u00fcr eine Terminvereinbarungen, bitten wir Sie sich mit uns telefonisch in Verbindung zu setzen. Sie erreichen uns unter 0172\/9974624<\/strong><\/p>\n","protected":false},"excerpt":{"rendered":"<p>An diesem Tag ist die Heilpraktikerin Brigitta W\u00fcrfl bei uns im Studio und bietet mit uns zusammen diesen wunderbaren Hyaluron-Special &#8211; Day an. An diesem Tag kostet zum Beispiel das Hyaluron von Saypha 179 \u20ac\/1ml (egal welche Partie, bzw. welche St\u00e4rke). Angeboten werden an diesem Tag, Fett-Weg-Spritze, Fadenlifting mit PDO\/PCL F\u00e4den, Notox. F\u00fcr n\u00e4here Informationen [&hellip;]<\/p>\n","protected":false},"author":2,"featured_media":720,"parent":0,"menu_order":0,"comment_status":"closed","ping_status":"closed","template":"","meta":[],"yoast_head":"<!-- This site is optimized with the Yoast SEO plugin v18.2 - https:\/\/yoast.com\/wordpress\/plugins\/seo\/ -->\n<title>Hyaluron-Special-Day - Bethies Hair &amp; Nails<\/title>\n<meta name=\"robots\" content=\"index, follow, max-snippet:-1, max-image-preview:large, max-video-preview:-1\" \/>\n<link rel=\"canonical\" href=\"http:\/\/bethieshair.de\/studio\/hyaluron-special-day\/\" \/>\n<meta property=\"og:locale\" content=\"de_DE\" \/>\n<meta property=\"og:type\" content=\"article\" \/>\n<meta property=\"og:title\" content=\"Hyaluron-Special-Day - Bethies Hair &amp; Nails\" \/>\n<meta property=\"og:description\" content=\"An diesem Tag ist die Heilpraktikerin Brigitta W\u00fcrfl bei uns im Studio und bietet mit uns zusammen diesen wunderbaren Hyaluron-Special &#8211; Day an. An diesem Tag kostet zum Beispiel das Hyaluron von Saypha 179 \u20ac\/1ml (egal welche Partie, bzw. welche St\u00e4rke). Angeboten werden an diesem Tag, Fett-Weg-Spritze, Fadenlifting mit PDO\/PCL F\u00e4den, Notox. F\u00fcr n\u00e4here Informationen [&hellip;]\" \/>\n<meta property=\"og:url\" content=\"http:\/\/bethieshair.de\/studio\/hyaluron-special-day\/\" \/>\n<meta property=\"og:site_name\" content=\"Bethies Hair &amp; Nails\" \/>\n<meta property=\"article:modified_time\" content=\"2022-03-10T15:05:48+00:00\" \/>\n<meta property=\"og:image\" content=\"http:\/\/bethieshair.de\/studio\/wp-content\/uploads\/hyaluron-tag-1024x324.png\" \/>\n\t<meta property=\"og:image:width\" content=\"1024\" \/>\n\t<meta property=\"og:image:height\" content=\"324\" \/>\n\t<meta property=\"og:image:type\" content=\"image\/png\" \/>\n<meta name=\"twitter:card\" content=\"summary_large_image\" \/>\n<meta name=\"twitter:label1\" content=\"Gesch\u00e4tzte Lesezeit\" \/>\n\t<meta name=\"twitter:data1\" content=\"4\u00a0Minuten\" \/>\n<script type=\"application\/ld+json\" class=\"yoast-schema-graph\">{\"@context\":\"https:\/\/schema.org\",\"@graph\":[{\"@type\":\"WebSite\",\"@id\":\"http:\/\/bethieshair.de\/studio\/#website\",\"url\":\"http:\/\/bethieshair.de\/studio\/\",\"name\":\"Bethies Hair &amp; Nails\",\"description\":\"\",\"potentialAction\":[{\"@type\":\"SearchAction\",\"target\":{\"@type\":\"EntryPoint\",\"urlTemplate\":\"http:\/\/bethieshair.de\/studio\/?s={search_term_string}\"},\"query-input\":\"required name=search_term_string\"}],\"inLanguage\":\"de\"},{\"@type\":\"ImageObject\",\"@id\":\"http:\/\/bethieshair.de\/studio\/hyaluron-special-day\/#primaryimage\",\"inLanguage\":\"de\",\"url\":\"http:\/\/bethieshair.de\/studio\/wp-content\/uploads\/hyaluron-tag.png\",\"contentUrl\":\"http:\/\/bethieshair.de\/studio\/wp-content\/uploads\/hyaluron-tag.png\",\"width\":2500,\"height\":790},{\"@type\":\"WebPage\",\"@id\":\"http:\/\/bethieshair.de\/studio\/hyaluron-special-day\/#webpage\",\"url\":\"http:\/\/bethieshair.de\/studio\/hyaluron-special-day\/\",\"name\":\"Hyaluron-Special-Day - Bethies Hair &amp; Nails\",\"isPartOf\":{\"@id\":\"http:\/\/bethieshair.de\/studio\/#website\"},\"primaryImageOfPage\":{\"@id\":\"http:\/\/bethieshair.de\/studio\/hyaluron-special-day\/#primaryimage\"},\"datePublished\":\"2022-03-10T14:48:32+00:00\",\"dateModified\":\"2022-03-10T15:05:48+00:00\",\"breadcrumb\":{\"@id\":\"http:\/\/bethieshair.de\/studio\/hyaluron-special-day\/#breadcrumb\"},\"inLanguage\":\"de\",\"potentialAction\":[{\"@type\":\"ReadAction\",\"target\":[\"http:\/\/bethieshair.de\/studio\/hyaluron-special-day\/\"]}]},{\"@type\":\"BreadcrumbList\",\"@id\":\"http:\/\/bethieshair.de\/studio\/hyaluron-special-day\/#breadcrumb\",\"itemListElement\":[{\"@type\":\"ListItem\",\"position\":1,\"name\":\"Startseite\",\"item\":\"http:\/\/bethieshair.de\/studio\/\"},{\"@type\":\"ListItem\",\"position\":2,\"name\":\"Hyaluron-Special-Day\"}]}]}<\/script>\n<!-- \/ Yoast SEO plugin. -->","yoast_head_json":{"title":"Hyaluron-Special-Day - Bethies Hair &amp; Nails","robots":{"index":"index","follow":"follow","max-snippet":"max-snippet:-1","max-image-preview":"max-image-preview:large","max-video-preview":"max-video-preview:-1"},"canonical":"http:\/\/bethieshair.de\/studio\/hyaluron-special-day\/","og_locale":"de_DE","og_type":"article","og_title":"Hyaluron-Special-Day - Bethies Hair &amp; Nails","og_description":"An diesem Tag ist die Heilpraktikerin Brigitta W\u00fcrfl bei uns im Studio und bietet mit uns zusammen diesen wunderbaren Hyaluron-Special &#8211; Day an. An diesem Tag kostet zum Beispiel das Hyaluron von Saypha 179 \u20ac\/1ml (egal welche Partie, bzw. welche St\u00e4rke). Angeboten werden an diesem Tag, Fett-Weg-Spritze, Fadenlifting mit PDO\/PCL F\u00e4den, Notox. F\u00fcr n\u00e4here Informationen [&hellip;]","og_url":"http:\/\/bethieshair.de\/studio\/hyaluron-special-day\/","og_site_name":"Bethies Hair &amp; Nails","article_modified_time":"2022-03-10T15:05:48+00:00","og_image":[{"width":1024,"height":324,"url":"http:\/\/bethieshair.de\/studio\/wp-content\/uploads\/hyaluron-tag-1024x324.png","type":"image\/png"}],"twitter_card":"summary_large_image","twitter_misc":{"Gesch\u00e4tzte Lesezeit":"4\u00a0Minuten"},"schema":{"@context":"https:\/\/schema.org","@graph":[{"@type":"WebSite","@id":"http:\/\/bethieshair.de\/studio\/#website","url":"http:\/\/bethieshair.de\/studio\/","name":"Bethies Hair &amp; Nails","description":"","potentialAction":[{"@type":"SearchAction","target":{"@type":"EntryPoint","urlTemplate":"http:\/\/bethieshair.de\/studio\/?s={search_term_string}"},"query-input":"required name=search_term_string"}],"inLanguage":"de"},{"@type":"ImageObject","@id":"http:\/\/bethieshair.de\/studio\/hyaluron-special-day\/#primaryimage","inLanguage":"de","url":"http:\/\/bethieshair.de\/studio\/wp-content\/uploads\/hyaluron-tag.png","contentUrl":"http:\/\/bethieshair.de\/studio\/wp-content\/uploads\/hyaluron-tag.png","width":2500,"height":790},{"@type":"WebPage","@id":"http:\/\/bethieshair.de\/studio\/hyaluron-special-day\/#webpage","url":"http:\/\/bethieshair.de\/studio\/hyaluron-special-day\/","name":"Hyaluron-Special-Day - Bethies Hair &amp; Nails","isPartOf":{"@id":"http:\/\/bethieshair.de\/studio\/#website"},"primaryImageOfPage":{"@id":"http:\/\/bethieshair.de\/studio\/hyaluron-special-day\/#primaryimage"},"datePublished":"2022-03-10T14:48:32+00:00","dateModified":"2022-03-10T15:05:48+00:00","breadcrumb":{"@id":"http:\/\/bethieshair.de\/studio\/hyaluron-special-day\/#breadcrumb"},"inLanguage":"de","potentialAction":[{"@type":"ReadAction","target":["http:\/\/bethieshair.de\/studio\/hyaluron-special-day\/"]}]},{"@type":"BreadcrumbList","@id":"http:\/\/bethieshair.de\/studio\/hyaluron-special-day\/#breadcrumb","itemListElement":[{"@type":"ListItem","position":1,"name":"Startseite","item":"http:\/\/bethieshair.de\/studio\/"},{"@type":"ListItem","position":2,"name":"Hyaluron-Special-Day"}]}]}},"_links":{"self":[{"href":"http:\/\/bethieshair.de\/studio\/wp-json\/wp\/v2\/pages\/724"}],"collection":[{"href":"http:\/\/bethieshair.de\/studio\/wp-json\/wp\/v2\/pages"}],"about":[{"href":"http:\/\/bethieshair.de\/studio\/wp-json\/wp\/v2\/types\/page"}],"author":[{"embeddable":true,"href":"http:\/\/bethieshair.de\/studio\/wp-json\/wp\/v2\/users\/2"}],"replies":[{"embeddable":true,"href":"http:\/\/bethieshair.de\/studio\/wp-json\/wp\/v2\/comments?post=724"}],"version-history":[{"count":2,"href":"http:\/\/bethieshair.de\/studio\/wp-json\/wp\/v2\/pages\/724\/revisions"}],"predecessor-version":[{"id":758,"href":"http:\/\/bethieshair.de\/studio\/wp-json\/wp\/v2\/pages\/724\/revisions\/758"}],"wp:featuredmedia":[{"embeddable":true,"href":"http:\/\/bethieshair.de\/studio\/wp-json\/wp\/v2\/media\/720"}],"wp:attachment":[{"href":"http:\/\/bethieshair.de\/studio\/wp-json\/wp\/v2\/media?parent=724"}],"curies":[{"name":"wp","href":"https:\/\/api.w.org\/{rel}","templated":true}]}}