{"id":80,"date":"2013-06-12T08:42:52","date_gmt":"2013-06-12T06:42:52","guid":{"rendered":"http:\/\/bethieshair.de\/studio\/?page_id=80"},"modified":"2022-02-14T13:07:18","modified_gmt":"2022-02-14T11:07:18","slug":"haarverlangerung","status":"publish","type":"page","link":"http:\/\/bethieshair.de\/studio\/friseur-in-freilassing\/haarverlangerung\/","title":{"rendered":"Haarverl\u00e4ngerung"},"content":{"rendered":"<p><img loading=\"lazy\" class=\"alignleft\" src=\"http:\/\/bethieshair.de\/studio\/wp-content\/uploads\/str\u00e4hnchen-150x150.png\" alt=\"Bondingverl\u00e4ngerung\" width=\"150\" height=\"150\">Echthaarstr\u00e4hnen<br>und Z\u00f6pfe zum einfachen anklipsen ins Haar. Jeden Tag ist somit ein neuer Look m\u00f6glich -\u2014ganz ohne Aufwand.<\/p>\n<p><\/p>\n<p><img loading=\"lazy\" class=\"alignleft\" src=\"http:\/\/bethieshair.de\/studio\/wp-content\/uploads\/haare-150x150.png\" alt=\"Haarteile\" width=\"150\" height=\"150\"><\/p>\n<p>Kunsthaarteile<\/p>\n<p>f\u00fcr den perfekten Langhaarlook. Gelockt und glatt in vielen Farben erh\u00e4ltlich.<\/p>\n<p><\/p>\n<p><img loading=\"lazy\" class=\"alignleft\" src=\"http:\/\/bethieshair.de\/studio\/wp-content\/uploads\/clipin-150x150.png\" alt=\"Clip-In-Methode\" width=\"150\" height=\"150\"><\/p>\n<p>Haarverl\u00e4ngerung mit<br>Clip-in-System<\/p>\n<p>individuell und einfach selbst einzusetzen.<\/p>\n<p><\/p>\n<p><img loading=\"lazy\" class=\"alignleft\" src=\"http:\/\/bethieshair.de\/studio\/wp-content\/uploads\/kunsthaarteile-150x150.png\" alt=\"Kunsthaarteile\" width=\"150\" height=\"150\"><\/p>\n<p>Kunsthaarteile<\/p>\n<p>f\u00fcr den perfekten Langhaarlook. Gelockt und glatt in vielen Farben erh\u00e4ltlich.<\/p>\n<p><\/p>\n<p><img loading=\"lazy\" class=\"alignright wp-image-571 size-medium\" src=\"http:\/\/bethieshair.de\/studio\/wp-content\/uploads\/brasilianische-300x73.png\" alt=\"\" width=\"300\" height=\"73\" srcset=\"http:\/\/bethieshair.de\/studio\/wp-content\/uploads\/brasilianische-300x73.png 300w, http:\/\/bethieshair.de\/studio\/wp-content\/uploads\/brasilianische.png 344w\" sizes=\"(max-width: 300px) 100vw, 300px\" \/><\/p>\n<p><\/p>\n\n\n<figure class=\"wp-block-table alignleft\"><table><tbody><tr><td><strong>PREISE<\/strong><\/td><td class=\"has-text-align-right\" data-align=\"right\"><\/td><\/tr><tr><td><\/td><td class=\"has-text-align-right\" data-align=\"right\"><\/td><\/tr><tr><td><br><strong>Z\u00f6pfe flechten<\/strong><\/td><td class=\"has-text-align-right\" data-align=\"right\"><\/td><\/tr><tr><td>Einzeln<\/td><td class=\"has-text-align-right\" data-align=\"right\">5,00 \u20ac<\/td><\/tr><tr><td>Kurze L\u00e4nge<\/td><td class=\"has-text-align-right\" data-align=\"right\">180,00 \u20ac<\/td><\/tr><tr><td>Mittlere L\u00e4nge<\/td><td class=\"has-text-align-right\" data-align=\"right\">250,00 \u20ac<\/td><\/tr><tr><td>Lange L\u00e4nge<\/td><td class=\"has-text-align-right\" data-align=\"right\">280,00 \u20ac<\/td><\/tr><tr><td><\/td><td class=\"has-text-align-right\" data-align=\"right\"><\/td><\/tr><tr><td><br><strong>Dread Locks<\/strong><\/td><td class=\"has-text-align-right\" data-align=\"right\"><\/td><\/tr><tr><td>Kurze L\u00e4nge<\/td><td class=\"has-text-align-right\" data-align=\"right\">150,00 \u20ac<\/td><\/tr><tr><td>Mittlere L\u00e4nge<\/td><td class=\"has-text-align-right\" data-align=\"right\">200,00 \u20ac<\/td><\/tr><tr><td>Lange L\u00e4nge<\/td><td class=\"has-text-align-right\" data-align=\"right\">250,00 \u20ac<\/td><\/tr><tr><td><\/td><td class=\"has-text-align-right\" data-align=\"right\"><\/td><\/tr><tr><td><br><strong>Cornrows<\/strong><\/td><td class=\"has-text-align-right\" data-align=\"right\"><\/td><\/tr><tr><td>Ganzer Kopf<\/td><td class=\"has-text-align-right\" data-align=\"right\">100,00 \u20ac<\/td><\/tr><tr><td>Halber Kopf<\/td><td class=\"has-text-align-right\" data-align=\"right\">60,00 \u20ac<\/td><\/tr><tr><td>Haartressen ab<\/td><td class=\"has-text-align-right\" data-align=\"right\">150,00 \u20ac<\/td><\/tr><tr><td>Microringe pro St\u00fcck ab <\/td><td class=\"has-text-align-right\" data-align=\"right\">2,50 \u20ac<\/td><\/tr><tr><td><br><strong>* Preise variieren abh\u00e4ngig von Haarmenge,<br>Haarl\u00e4nge und \u2013qualit\u00e4t. Bitte immer ein<br>individuelles Angebot einholen.<\/strong><\/td><td class=\"has-text-align-right\" data-align=\"right\"><\/td><\/tr><\/tbody><\/table><\/figure>\n","protected":false},"excerpt":{"rendered":"<p>Echthaarstr\u00e4hnenund Z\u00f6pfe zum einfachen anklipsen ins Haar. Jeden Tag ist somit ein neuer Look m\u00f6glich -\u2014ganz ohne Aufwand. Kunsthaarteile f\u00fcr den perfekten Langhaarlook. Gelockt und glatt in vielen Farben erh\u00e4ltlich. Haarverl\u00e4ngerung mitClip-in-System individuell und einfach selbst einzusetzen. Kunsthaarteile f\u00fcr den perfekten Langhaarlook. Gelockt und glatt in vielen Farben erh\u00e4ltlich. PREISE Z\u00f6pfe flechten Einzeln 5,00 \u20ac [&hellip;]<\/p>\n","protected":false},"author":2,"featured_media":707,"parent":12,"menu_order":2,"comment_status":"closed","ping_status":"closed","template":"template-full-width.php","meta":[],"yoast_head":"<!-- This site is optimized with the Yoast SEO plugin v18.2 - https:\/\/yoast.com\/wordpress\/plugins\/seo\/ -->\n<title>Haarverl\u00e4ngerung - Bethies Hair &amp; Nails<\/title>\n<meta name=\"robots\" content=\"index, follow, max-snippet:-1, max-image-preview:large, max-video-preview:-1\" \/>\n<link rel=\"canonical\" href=\"http:\/\/bethieshair.de\/studio\/friseur-in-freilassing\/haarverlangerung\/\" \/>\n<meta property=\"og:locale\" content=\"de_DE\" \/>\n<meta property=\"og:type\" content=\"article\" \/>\n<meta property=\"og:title\" content=\"Haarverl\u00e4ngerung - Bethies Hair &amp; Nails\" \/>\n<meta property=\"og:description\" content=\"Echthaarstr\u00e4hnenund Z\u00f6pfe zum einfachen anklipsen ins Haar. Jeden Tag ist somit ein neuer Look m\u00f6glich -\u2014ganz ohne Aufwand. Kunsthaarteile f\u00fcr den perfekten Langhaarlook. Gelockt und glatt in vielen Farben erh\u00e4ltlich. Haarverl\u00e4ngerung mitClip-in-System individuell und einfach selbst einzusetzen. Kunsthaarteile f\u00fcr den perfekten Langhaarlook. Gelockt und glatt in vielen Farben erh\u00e4ltlich. PREISE Z\u00f6pfe flechten Einzeln 5,00 \u20ac [&hellip;]\" \/>\n<meta property=\"og:url\" content=\"http:\/\/bethieshair.de\/studio\/friseur-in-freilassing\/haarverlangerung\/\" \/>\n<meta property=\"og:site_name\" content=\"Bethies Hair &amp; Nails\" \/>\n<meta property=\"article:modified_time\" content=\"2022-02-14T11:07:18+00:00\" \/>\n<meta property=\"og:image\" content=\"http:\/\/bethieshair.de\/studio\/wp-content\/uploads\/friseur-bethie.png\" \/>\n\t<meta property=\"og:image:width\" content=\"2500\" \/>\n\t<meta property=\"og:image:height\" content=\"790\" \/>\n\t<meta property=\"og:image:type\" content=\"image\/png\" \/>\n<meta name=\"twitter:card\" content=\"summary_large_image\" \/>\n<meta name=\"twitter:label1\" content=\"Gesch\u00e4tzte Lesezeit\" \/>\n\t<meta name=\"twitter:data1\" content=\"2\u00a0Minuten\" \/>\n<script type=\"application\/ld+json\" class=\"yoast-schema-graph\">{\"@context\":\"https:\/\/schema.org\",\"@graph\":[{\"@type\":\"WebSite\",\"@id\":\"http:\/\/bethieshair.de\/studio\/#website\",\"url\":\"http:\/\/bethieshair.de\/studio\/\",\"name\":\"Bethies Hair &amp; Nails\",\"description\":\"\",\"potentialAction\":[{\"@type\":\"SearchAction\",\"target\":{\"@type\":\"EntryPoint\",\"urlTemplate\":\"http:\/\/bethieshair.de\/studio\/?s={search_term_string}\"},\"query-input\":\"required name=search_term_string\"}],\"inLanguage\":\"de\"},{\"@type\":\"ImageObject\",\"@id\":\"http:\/\/bethieshair.de\/studio\/friseur-in-freilassing\/haarverlangerung\/#primaryimage\",\"inLanguage\":\"de\",\"url\":\"http:\/\/bethieshair.de\/studio\/wp-content\/uploads\/friseur-bethie.png\",\"contentUrl\":\"http:\/\/bethieshair.de\/studio\/wp-content\/uploads\/friseur-bethie.png\",\"width\":2500,\"height\":790},{\"@type\":\"WebPage\",\"@id\":\"http:\/\/bethieshair.de\/studio\/friseur-in-freilassing\/haarverlangerung\/#webpage\",\"url\":\"http:\/\/bethieshair.de\/studio\/friseur-in-freilassing\/haarverlangerung\/\",\"name\":\"Haarverl\u00e4ngerung - Bethies Hair &amp; Nails\",\"isPartOf\":{\"@id\":\"http:\/\/bethieshair.de\/studio\/#website\"},\"primaryImageOfPage\":{\"@id\":\"http:\/\/bethieshair.de\/studio\/friseur-in-freilassing\/haarverlangerung\/#primaryimage\"},\"datePublished\":\"2013-06-12T06:42:52+00:00\",\"dateModified\":\"2022-02-14T11:07:18+00:00\",\"breadcrumb\":{\"@id\":\"http:\/\/bethieshair.de\/studio\/friseur-in-freilassing\/haarverlangerung\/#breadcrumb\"},\"inLanguage\":\"de\",\"potentialAction\":[{\"@type\":\"ReadAction\",\"target\":[\"http:\/\/bethieshair.de\/studio\/friseur-in-freilassing\/haarverlangerung\/\"]}]},{\"@type\":\"BreadcrumbList\",\"@id\":\"http:\/\/bethieshair.de\/studio\/friseur-in-freilassing\/haarverlangerung\/#breadcrumb\",\"itemListElement\":[{\"@type\":\"ListItem\",\"position\":1,\"name\":\"Startseite\",\"item\":\"http:\/\/bethieshair.de\/studio\/\"},{\"@type\":\"ListItem\",\"position\":2,\"name\":\"Friseur\",\"item\":\"http:\/\/bethieshair.de\/studio\/friseur-in-freilassing\/\"},{\"@type\":\"ListItem\",\"position\":3,\"name\":\"Haarverl\u00e4ngerung\"}]}]}<\/script>\n<!-- \/ Yoast SEO plugin. -->","yoast_head_json":{"title":"Haarverl\u00e4ngerung - Bethies Hair &amp; Nails","robots":{"index":"index","follow":"follow","max-snippet":"max-snippet:-1","max-image-preview":"max-image-preview:large","max-video-preview":"max-video-preview:-1"},"canonical":"http:\/\/bethieshair.de\/studio\/friseur-in-freilassing\/haarverlangerung\/","og_locale":"de_DE","og_type":"article","og_title":"Haarverl\u00e4ngerung - Bethies Hair &amp; Nails","og_description":"Echthaarstr\u00e4hnenund Z\u00f6pfe zum einfachen anklipsen ins Haar. Jeden Tag ist somit ein neuer Look m\u00f6glich -\u2014ganz ohne Aufwand. Kunsthaarteile f\u00fcr den perfekten Langhaarlook. Gelockt und glatt in vielen Farben erh\u00e4ltlich. Haarverl\u00e4ngerung mitClip-in-System individuell und einfach selbst einzusetzen. Kunsthaarteile f\u00fcr den perfekten Langhaarlook. Gelockt und glatt in vielen Farben erh\u00e4ltlich. PREISE Z\u00f6pfe flechten Einzeln 5,00 \u20ac [&hellip;]","og_url":"http:\/\/bethieshair.de\/studio\/friseur-in-freilassing\/haarverlangerung\/","og_site_name":"Bethies Hair &amp; Nails","article_modified_time":"2022-02-14T11:07:18+00:00","og_image":[{"width":2500,"height":790,"url":"http:\/\/bethieshair.de\/studio\/wp-content\/uploads\/friseur-bethie.png","type":"image\/png"}],"twitter_card":"summary_large_image","twitter_misc":{"Gesch\u00e4tzte Lesezeit":"2\u00a0Minuten"},"schema":{"@context":"https:\/\/schema.org","@graph":[{"@type":"WebSite","@id":"http:\/\/bethieshair.de\/studio\/#website","url":"http:\/\/bethieshair.de\/studio\/","name":"Bethies Hair &amp; Nails","description":"","potentialAction":[{"@type":"SearchAction","target":{"@type":"EntryPoint","urlTemplate":"http:\/\/bethieshair.de\/studio\/?s={search_term_string}"},"query-input":"required name=search_term_string"}],"inLanguage":"de"},{"@type":"ImageObject","@id":"http:\/\/bethieshair.de\/studio\/friseur-in-freilassing\/haarverlangerung\/#primaryimage","inLanguage":"de","url":"http:\/\/bethieshair.de\/studio\/wp-content\/uploads\/friseur-bethie.png","contentUrl":"http:\/\/bethieshair.de\/studio\/wp-content\/uploads\/friseur-bethie.png","width":2500,"height":790},{"@type":"WebPage","@id":"http:\/\/bethieshair.de\/studio\/friseur-in-freilassing\/haarverlangerung\/#webpage","url":"http:\/\/bethieshair.de\/studio\/friseur-in-freilassing\/haarverlangerung\/","name":"Haarverl\u00e4ngerung - Bethies Hair &amp; Nails","isPartOf":{"@id":"http:\/\/bethieshair.de\/studio\/#website"},"primaryImageOfPage":{"@id":"http:\/\/bethieshair.de\/studio\/friseur-in-freilassing\/haarverlangerung\/#primaryimage"},"datePublished":"2013-06-12T06:42:52+00:00","dateModified":"2022-02-14T11:07:18+00:00","breadcrumb":{"@id":"http:\/\/bethieshair.de\/studio\/friseur-in-freilassing\/haarverlangerung\/#breadcrumb"},"inLanguage":"de","potentialAction":[{"@type":"ReadAction","target":["http:\/\/bethieshair.de\/studio\/friseur-in-freilassing\/haarverlangerung\/"]}]},{"@type":"BreadcrumbList","@id":"http:\/\/bethieshair.de\/studio\/friseur-in-freilassing\/haarverlangerung\/#breadcrumb","itemListElement":[{"@type":"ListItem","position":1,"name":"Startseite","item":"http:\/\/bethieshair.de\/studio\/"},{"@type":"ListItem","position":2,"name":"Friseur","item":"http:\/\/bethieshair.de\/studio\/friseur-in-freilassing\/"},{"@type":"ListItem","position":3,"name":"Haarverl\u00e4ngerung"}]}]}},"_links":{"self":[{"href":"http:\/\/bethieshair.de\/studio\/wp-json\/wp\/v2\/pages\/80"}],"collection":[{"href":"http:\/\/bethieshair.de\/studio\/wp-json\/wp\/v2\/pages"}],"about":[{"href":"http:\/\/bethieshair.de\/studio\/wp-json\/wp\/v2\/types\/page"}],"author":[{"embeddable":true,"href":"http:\/\/bethieshair.de\/studio\/wp-json\/wp\/v2\/users\/2"}],"replies":[{"embeddable":true,"href":"http:\/\/bethieshair.de\/studio\/wp-json\/wp\/v2\/comments?post=80"}],"version-history":[{"count":19,"href":"http:\/\/bethieshair.de\/studio\/wp-json\/wp\/v2\/pages\/80\/revisions"}],"predecessor-version":[{"id":716,"href":"http:\/\/bethieshair.de\/studio\/wp-json\/wp\/v2\/pages\/80\/revisions\/716"}],"up":[{"embeddable":true,"href":"http:\/\/bethieshair.de\/studio\/wp-json\/wp\/v2\/pages\/12"}],"wp:featuredmedia":[{"embeddable":true,"href":"http:\/\/bethieshair.de\/studio\/wp-json\/wp\/v2\/media\/707"}],"wp:attachment":[{"href":"http:\/\/bethieshair.de\/studio\/wp-json\/wp\/v2\/media?parent=80"}],"curies":[{"name":"wp","href":"https:\/\/api.w.org\/{rel}","templated":true}]}}