{"id":82,"date":"2013-06-12T08:55:49","date_gmt":"2013-06-12T06:55:49","guid":{"rendered":"http:\/\/bethieshair.de\/studio\/?page_id=82"},"modified":"2022-02-14T13:06:29","modified_gmt":"2022-02-14T11:06:29","slug":"hairdreams-haarverlangerung","status":"publish","type":"page","link":"http:\/\/bethieshair.de\/studio\/friseur-in-freilassing\/hairdreams-haarverlangerung\/","title":{"rendered":"Hairdreams Haarverl\u00e4ngerung"},"content":{"rendered":"<p>&nbsp;<img loading=\"lazy\" class=\"alignnone size-medium wp-image-87\" src=\"http:\/\/bethieshair.de\/studio\/wp-content\/uploads\/hairdreams1-247x300.png\" alt=\"Hairdreams Haarverdichtung\" width=\"247\" height=\"300\" srcset=\"http:\/\/bethieshair.de\/studio\/wp-content\/uploads\/hairdreams1-247x300.png 247w, http:\/\/bethieshair.de\/studio\/wp-content\/uploads\/hairdreams1.png 309w\" sizes=\"(max-width: 247px) 100vw, 247px\" \/><\/p>\n\n\n<div class=\"wp-block-columns\">\n<div class=\"wp-block-column\" style=\"flex-basis:100%\">\n<div class=\"wp-block-group\"><div class=\"wp-block-group__inner-container\">\n<figure class=\"wp-block-table alignleft\"><table><tbody><tr><td><strong>Haarverl\u00e4ngerung<\/strong><\/td><td class=\"has-text-align-right\" data-align=\"right\">ab 299,00 \u20ac<\/td><\/tr><tr><td><br><strong>Haarverdichtung<\/strong><\/td><td class=\"has-text-align-right\" data-align=\"right\"><br>ab 199,00 \u20ac<\/td><\/tr><tr><td><br><strong>Modische Farbstr\u00e4hnen<\/strong><\/td><td class=\"has-text-align-right\" data-align=\"right\"><br>ab 69,00 \u20ac<\/td><\/tr><tr><td><\/td><td class=\"has-text-align-right\" data-align=\"right\"><\/td><\/tr><tr><td><br><br><strong>Gerne beraten wir Sie kostenlos und unverbindlich und zeigen Ihnen,<br>wie wir mit dem Laserbeamer Nano System<br>auch Ihre Frisurentr\u00e4ume erf\u00fcllen k\u00f6nnen.<\/strong><\/td><td class=\"has-text-align-right\" data-align=\"right\"><\/td><\/tr><tr><td><br><strong>* Preise variieren abh\u00e4ngig von Haarmenge,<br>Haarl\u00e4nge und \u2013qualit\u00e4t. Bitte immer ein<br>individuelles Angebot einholen.<\/strong><\/td><td class=\"has-text-align-right\" data-align=\"right\"><\/td><\/tr><\/tbody><\/table><\/figure>\n<\/div><\/div>\n<\/div>\n<\/div>\n","protected":false},"excerpt":{"rendered":"<p>&nbsp;<\/p>\n","protected":false},"author":2,"featured_media":707,"parent":12,"menu_order":1,"comment_status":"closed","ping_status":"closed","template":"template-full-width.php","meta":[],"yoast_head":"<!-- This site is optimized with the Yoast SEO plugin v18.2 - https:\/\/yoast.com\/wordpress\/plugins\/seo\/ -->\n<title>Hairdreams Haarverl\u00e4ngerung - Bethies Hair &amp; Nails<\/title>\n<meta name=\"robots\" content=\"index, follow, max-snippet:-1, max-image-preview:large, max-video-preview:-1\" \/>\n<link rel=\"canonical\" href=\"http:\/\/bethieshair.de\/studio\/friseur-in-freilassing\/hairdreams-haarverlangerung\/\" \/>\n<meta property=\"og:locale\" content=\"de_DE\" \/>\n<meta property=\"og:type\" content=\"article\" \/>\n<meta property=\"og:title\" content=\"Hairdreams Haarverl\u00e4ngerung - Bethies Hair &amp; Nails\" \/>\n<meta property=\"og:description\" content=\"&nbsp;\" \/>\n<meta property=\"og:url\" content=\"http:\/\/bethieshair.de\/studio\/friseur-in-freilassing\/hairdreams-haarverlangerung\/\" \/>\n<meta property=\"og:site_name\" content=\"Bethies Hair &amp; Nails\" \/>\n<meta property=\"article:modified_time\" content=\"2022-02-14T11:06:29+00:00\" \/>\n<meta property=\"og:image\" content=\"http:\/\/bethieshair.de\/studio\/wp-content\/uploads\/friseur-bethie.png\" \/>\n\t<meta property=\"og:image:width\" content=\"2500\" \/>\n\t<meta property=\"og:image:height\" content=\"790\" \/>\n\t<meta property=\"og:image:type\" content=\"image\/png\" \/>\n<meta name=\"twitter:card\" content=\"summary_large_image\" \/>\n<meta name=\"twitter:label1\" content=\"Gesch\u00e4tzte Lesezeit\" \/>\n\t<meta name=\"twitter:data1\" content=\"1\u00a0Minute\" \/>\n<script type=\"application\/ld+json\" class=\"yoast-schema-graph\">{\"@context\":\"https:\/\/schema.org\",\"@graph\":[{\"@type\":\"WebSite\",\"@id\":\"http:\/\/bethieshair.de\/studio\/#website\",\"url\":\"http:\/\/bethieshair.de\/studio\/\",\"name\":\"Bethies Hair &amp; Nails\",\"description\":\"\",\"potentialAction\":[{\"@type\":\"SearchAction\",\"target\":{\"@type\":\"EntryPoint\",\"urlTemplate\":\"http:\/\/bethieshair.de\/studio\/?s={search_term_string}\"},\"query-input\":\"required name=search_term_string\"}],\"inLanguage\":\"de\"},{\"@type\":\"ImageObject\",\"@id\":\"http:\/\/bethieshair.de\/studio\/friseur-in-freilassing\/hairdreams-haarverlangerung\/#primaryimage\",\"inLanguage\":\"de\",\"url\":\"http:\/\/bethieshair.de\/studio\/wp-content\/uploads\/friseur-bethie.png\",\"contentUrl\":\"http:\/\/bethieshair.de\/studio\/wp-content\/uploads\/friseur-bethie.png\",\"width\":2500,\"height\":790},{\"@type\":\"WebPage\",\"@id\":\"http:\/\/bethieshair.de\/studio\/friseur-in-freilassing\/hairdreams-haarverlangerung\/#webpage\",\"url\":\"http:\/\/bethieshair.de\/studio\/friseur-in-freilassing\/hairdreams-haarverlangerung\/\",\"name\":\"Hairdreams Haarverl\u00e4ngerung - Bethies Hair &amp; Nails\",\"isPartOf\":{\"@id\":\"http:\/\/bethieshair.de\/studio\/#website\"},\"primaryImageOfPage\":{\"@id\":\"http:\/\/bethieshair.de\/studio\/friseur-in-freilassing\/hairdreams-haarverlangerung\/#primaryimage\"},\"datePublished\":\"2013-06-12T06:55:49+00:00\",\"dateModified\":\"2022-02-14T11:06:29+00:00\",\"breadcrumb\":{\"@id\":\"http:\/\/bethieshair.de\/studio\/friseur-in-freilassing\/hairdreams-haarverlangerung\/#breadcrumb\"},\"inLanguage\":\"de\",\"potentialAction\":[{\"@type\":\"ReadAction\",\"target\":[\"http:\/\/bethieshair.de\/studio\/friseur-in-freilassing\/hairdreams-haarverlangerung\/\"]}]},{\"@type\":\"BreadcrumbList\",\"@id\":\"http:\/\/bethieshair.de\/studio\/friseur-in-freilassing\/hairdreams-haarverlangerung\/#breadcrumb\",\"itemListElement\":[{\"@type\":\"ListItem\",\"position\":1,\"name\":\"Startseite\",\"item\":\"http:\/\/bethieshair.de\/studio\/\"},{\"@type\":\"ListItem\",\"position\":2,\"name\":\"Friseur\",\"item\":\"http:\/\/bethieshair.de\/studio\/friseur-in-freilassing\/\"},{\"@type\":\"ListItem\",\"position\":3,\"name\":\"Hairdreams Haarverl\u00e4ngerung\"}]}]}<\/script>\n<!-- \/ Yoast SEO plugin. -->","yoast_head_json":{"title":"Hairdreams Haarverl\u00e4ngerung - Bethies Hair &amp; Nails","robots":{"index":"index","follow":"follow","max-snippet":"max-snippet:-1","max-image-preview":"max-image-preview:large","max-video-preview":"max-video-preview:-1"},"canonical":"http:\/\/bethieshair.de\/studio\/friseur-in-freilassing\/hairdreams-haarverlangerung\/","og_locale":"de_DE","og_type":"article","og_title":"Hairdreams Haarverl\u00e4ngerung - Bethies Hair &amp; Nails","og_description":"&nbsp;","og_url":"http:\/\/bethieshair.de\/studio\/friseur-in-freilassing\/hairdreams-haarverlangerung\/","og_site_name":"Bethies Hair &amp; Nails","article_modified_time":"2022-02-14T11:06:29+00:00","og_image":[{"width":2500,"height":790,"url":"http:\/\/bethieshair.de\/studio\/wp-content\/uploads\/friseur-bethie.png","type":"image\/png"}],"twitter_card":"summary_large_image","twitter_misc":{"Gesch\u00e4tzte Lesezeit":"1\u00a0Minute"},"schema":{"@context":"https:\/\/schema.org","@graph":[{"@type":"WebSite","@id":"http:\/\/bethieshair.de\/studio\/#website","url":"http:\/\/bethieshair.de\/studio\/","name":"Bethies Hair &amp; Nails","description":"","potentialAction":[{"@type":"SearchAction","target":{"@type":"EntryPoint","urlTemplate":"http:\/\/bethieshair.de\/studio\/?s={search_term_string}"},"query-input":"required name=search_term_string"}],"inLanguage":"de"},{"@type":"ImageObject","@id":"http:\/\/bethieshair.de\/studio\/friseur-in-freilassing\/hairdreams-haarverlangerung\/#primaryimage","inLanguage":"de","url":"http:\/\/bethieshair.de\/studio\/wp-content\/uploads\/friseur-bethie.png","contentUrl":"http:\/\/bethieshair.de\/studio\/wp-content\/uploads\/friseur-bethie.png","width":2500,"height":790},{"@type":"WebPage","@id":"http:\/\/bethieshair.de\/studio\/friseur-in-freilassing\/hairdreams-haarverlangerung\/#webpage","url":"http:\/\/bethieshair.de\/studio\/friseur-in-freilassing\/hairdreams-haarverlangerung\/","name":"Hairdreams Haarverl\u00e4ngerung - Bethies Hair &amp; Nails","isPartOf":{"@id":"http:\/\/bethieshair.de\/studio\/#website"},"primaryImageOfPage":{"@id":"http:\/\/bethieshair.de\/studio\/friseur-in-freilassing\/hairdreams-haarverlangerung\/#primaryimage"},"datePublished":"2013-06-12T06:55:49+00:00","dateModified":"2022-02-14T11:06:29+00:00","breadcrumb":{"@id":"http:\/\/bethieshair.de\/studio\/friseur-in-freilassing\/hairdreams-haarverlangerung\/#breadcrumb"},"inLanguage":"de","potentialAction":[{"@type":"ReadAction","target":["http:\/\/bethieshair.de\/studio\/friseur-in-freilassing\/hairdreams-haarverlangerung\/"]}]},{"@type":"BreadcrumbList","@id":"http:\/\/bethieshair.de\/studio\/friseur-in-freilassing\/hairdreams-haarverlangerung\/#breadcrumb","itemListElement":[{"@type":"ListItem","position":1,"name":"Startseite","item":"http:\/\/bethieshair.de\/studio\/"},{"@type":"ListItem","position":2,"name":"Friseur","item":"http:\/\/bethieshair.de\/studio\/friseur-in-freilassing\/"},{"@type":"ListItem","position":3,"name":"Hairdreams Haarverl\u00e4ngerung"}]}]}},"_links":{"self":[{"href":"http:\/\/bethieshair.de\/studio\/wp-json\/wp\/v2\/pages\/82"}],"collection":[{"href":"http:\/\/bethieshair.de\/studio\/wp-json\/wp\/v2\/pages"}],"about":[{"href":"http:\/\/bethieshair.de\/studio\/wp-json\/wp\/v2\/types\/page"}],"author":[{"embeddable":true,"href":"http:\/\/bethieshair.de\/studio\/wp-json\/wp\/v2\/users\/2"}],"replies":[{"embeddable":true,"href":"http:\/\/bethieshair.de\/studio\/wp-json\/wp\/v2\/comments?post=82"}],"version-history":[{"count":24,"href":"http:\/\/bethieshair.de\/studio\/wp-json\/wp\/v2\/pages\/82\/revisions"}],"predecessor-version":[{"id":697,"href":"http:\/\/bethieshair.de\/studio\/wp-json\/wp\/v2\/pages\/82\/revisions\/697"}],"up":[{"embeddable":true,"href":"http:\/\/bethieshair.de\/studio\/wp-json\/wp\/v2\/pages\/12"}],"wp:featuredmedia":[{"embeddable":true,"href":"http:\/\/bethieshair.de\/studio\/wp-json\/wp\/v2\/media\/707"}],"wp:attachment":[{"href":"http:\/\/bethieshair.de\/studio\/wp-json\/wp\/v2\/media?parent=82"}],"curies":[{"name":"wp","href":"https:\/\/api.w.org\/{rel}","templated":true}]}}