{"id":92,"date":"2013-06-12T09:01:42","date_gmt":"2013-06-12T07:01:42","guid":{"rendered":"http:\/\/bethieshair.de\/studio\/?page_id=92"},"modified":"2021-06-04T16:42:26","modified_gmt":"2021-06-04T14:42:26","slug":"startseite","status":"publish","type":"page","link":"http:\/\/bethieshair.de\/studio\/","title":{"rendered":"Home"},"content":{"rendered":"\n<div class=\"wp-block-columns\">\n<div class=\"wp-block-column\" style=\"flex-basis:100%\">\n<p><\/p>\n\n\n\n<p class=\"has-text-align-center has-medium-font-size\">Ihr Spezialist <strong>BETHIES HAIR &amp; NAIL<\/strong> steht f\u00fcr 20 Jahre Erfahrung im Bereich Per\u00fccken, Haarteile und Microlines<\/p>\n\n\n\n<p class=\"has-text-align-center has-medium-font-size\">W\u00e4hlen Sie aus einem umfassenden Sortiment, Produkte renommierter Hersteller<\/p>\n\n\n\n<figure class=\"wp-block-image size-large is-resized\"><a href=\"http:\/\/bethieshair.de\/studio\/wp-content\/uploads\/partner-bethie.jpg\"><img loading=\"lazy\" src=\"http:\/\/bethieshair.de\/studio\/wp-content\/uploads\/partner-bethie-1024x242.jpg\" alt=\"\" class=\"wp-image-469\" width=\"627\" height=\"148\" srcset=\"http:\/\/bethieshair.de\/studio\/wp-content\/uploads\/partner-bethie-1024x242.jpg 1024w, http:\/\/bethieshair.de\/studio\/wp-content\/uploads\/partner-bethie-300x71.jpg 300w, http:\/\/bethieshair.de\/studio\/wp-content\/uploads\/partner-bethie-768x182.jpg 768w, http:\/\/bethieshair.de\/studio\/wp-content\/uploads\/partner-bethie.jpg 1404w\" sizes=\"(max-width: 627px) 100vw, 627px\" \/><\/a><\/figure>\n\n\n\n<div class=\"wp-block-media-text alignwide is-stacked-on-mobile\"><figure class=\"wp-block-media-text__media\"><img loading=\"lazy\" width=\"683\" height=\"1024\" src=\"http:\/\/bethieshair.de\/studio\/wp-content\/uploads\/bethie-683x1024.jpg\" alt=\"\" class=\"wp-image-516 size-full\" srcset=\"http:\/\/bethieshair.de\/studio\/wp-content\/uploads\/bethie-683x1024.jpg 683w, http:\/\/bethieshair.de\/studio\/wp-content\/uploads\/bethie-200x300.jpg 200w, http:\/\/bethieshair.de\/studio\/wp-content\/uploads\/bethie-768x1152.jpg 768w, http:\/\/bethieshair.de\/studio\/wp-content\/uploads\/bethie-1024x1536.jpg 1024w, http:\/\/bethieshair.de\/studio\/wp-content\/uploads\/bethie-1365x2048.jpg 1365w, http:\/\/bethieshair.de\/studio\/wp-content\/uploads\/bethie-scaled.jpg 1707w\" sizes=\"(max-width: 683px) 100vw, 683px\" \/><\/figure><div class=\"wp-block-media-text__content\">\n<p>Wir beraten Sie v\u00f6llig unverbindlich und stehen Ihnen mit unserer Fachkunde zur Verf\u00fcgung<\/p>\n\n\n\n<ul><li>Friseur Damen \/ Herren \/ Kinder<\/li><li>Brautfrisur \/ Hochsteckfrisur \/ Z\u00f6pfe flechten<\/li><li>Zweithaar \/ Per\u00fccken \/ Haarteile<\/li><li>Extensions<\/li><li>Kosmetik<\/li><li>Visagistik<\/li><li>Wimpernverl\u00e4ngerung<\/li><li>Permanent Make-up<\/li><li>Nageldesign<\/li><li>Fusspflege<\/li><\/ul>\n\n\n\n<p>Ich w\u00fcrde mich freuen, Sie in&nbsp;unserem liebevoll eingerichteten Beauty-Studio zum Entspannen und Wohlf\u00fchlen begr\u00fc\u00dfen zu d\u00fcrfen.<\/p>\n\n\n\n<p>Ihre<\/p>\n\n\n\n<p>Bethie \u00d6ttl-Bosch&nbsp;<\/p>\n<\/div><\/div>\n\n\n\n<p><\/p>\n<\/div>\n<\/div>\n","protected":false},"excerpt":{"rendered":"<p>Ihr Spezialist BETHIES HAIR &amp; NAIL steht f\u00fcr 20 Jahre Erfahrung im Bereich Per\u00fccken, Haarteile und Microlines W\u00e4hlen Sie aus einem umfassenden Sortiment, Produkte renommierter Hersteller<\/p>\n","protected":false},"author":2,"featured_media":0,"parent":0,"menu_order":0,"comment_status":"closed","ping_status":"closed","template":"template-gutenberg.php","meta":[],"yoast_head":"<!-- This site is optimized with the Yoast SEO plugin v18.2 - https:\/\/yoast.com\/wordpress\/plugins\/seo\/ -->\n<title>Home - Bethies Hair &amp; Nails<\/title>\n<meta name=\"robots\" content=\"index, follow, max-snippet:-1, max-image-preview:large, max-video-preview:-1\" \/>\n<link rel=\"canonical\" href=\"http:\/\/bethieshair.de\/studio\/\" \/>\n<meta property=\"og:locale\" content=\"de_DE\" \/>\n<meta property=\"og:type\" content=\"article\" \/>\n<meta property=\"og:title\" content=\"Home - Bethies Hair &amp; Nails\" \/>\n<meta property=\"og:description\" content=\"Ihr Spezialist BETHIES HAIR &amp; NAIL steht f\u00fcr 20 Jahre Erfahrung im Bereich Per\u00fccken, Haarteile und Microlines W\u00e4hlen Sie aus einem umfassenden Sortiment, Produkte renommierter Hersteller\" \/>\n<meta property=\"og:url\" content=\"http:\/\/bethieshair.de\/studio\/\" \/>\n<meta property=\"og:site_name\" content=\"Bethies Hair &amp; Nails\" \/>\n<meta property=\"article:modified_time\" content=\"2021-06-04T14:42:26+00:00\" \/>\n<meta property=\"og:image\" content=\"http:\/\/bethieshair.de\/studio\/wp-content\/uploads\/partner-bethie-1024x242.jpg\" \/>\n<meta name=\"twitter:card\" content=\"summary_large_image\" \/>\n<meta name=\"twitter:label1\" content=\"Gesch\u00e4tzte Lesezeit\" \/>\n\t<meta name=\"twitter:data1\" content=\"1\u00a0Minute\" \/>\n<script type=\"application\/ld+json\" class=\"yoast-schema-graph\">{\"@context\":\"https:\/\/schema.org\",\"@graph\":[{\"@type\":\"WebSite\",\"@id\":\"http:\/\/bethieshair.de\/studio\/#website\",\"url\":\"http:\/\/bethieshair.de\/studio\/\",\"name\":\"Bethies Hair &amp; Nails\",\"description\":\"\",\"potentialAction\":[{\"@type\":\"SearchAction\",\"target\":{\"@type\":\"EntryPoint\",\"urlTemplate\":\"http:\/\/bethieshair.de\/studio\/?s={search_term_string}\"},\"query-input\":\"required name=search_term_string\"}],\"inLanguage\":\"de\"},{\"@type\":\"ImageObject\",\"@id\":\"http:\/\/bethieshair.de\/studio\/#primaryimage\",\"inLanguage\":\"de\",\"url\":\"http:\/\/bethieshair.de\/studio\/wp-content\/uploads\/partner-bethie.jpg\",\"contentUrl\":\"http:\/\/bethieshair.de\/studio\/wp-content\/uploads\/partner-bethie.jpg\",\"width\":1404,\"height\":332},{\"@type\":\"WebPage\",\"@id\":\"http:\/\/bethieshair.de\/studio\/#webpage\",\"url\":\"http:\/\/bethieshair.de\/studio\/\",\"name\":\"Home - Bethies Hair &amp; Nails\",\"isPartOf\":{\"@id\":\"http:\/\/bethieshair.de\/studio\/#website\"},\"primaryImageOfPage\":{\"@id\":\"http:\/\/bethieshair.de\/studio\/#primaryimage\"},\"datePublished\":\"2013-06-12T07:01:42+00:00\",\"dateModified\":\"2021-06-04T14:42:26+00:00\",\"breadcrumb\":{\"@id\":\"http:\/\/bethieshair.de\/studio\/#breadcrumb\"},\"inLanguage\":\"de\",\"potentialAction\":[{\"@type\":\"ReadAction\",\"target\":[\"http:\/\/bethieshair.de\/studio\/\"]}]},{\"@type\":\"BreadcrumbList\",\"@id\":\"http:\/\/bethieshair.de\/studio\/#breadcrumb\",\"itemListElement\":[{\"@type\":\"ListItem\",\"position\":1,\"name\":\"Startseite\",\"item\":\"http:\/\/bethieshair.de\/studio\/\"},{\"@type\":\"ListItem\",\"position\":2,\"name\":\"Home\"}]}]}<\/script>\n<!-- \/ Yoast SEO plugin. -->","yoast_head_json":{"title":"Home - Bethies Hair &amp; Nails","robots":{"index":"index","follow":"follow","max-snippet":"max-snippet:-1","max-image-preview":"max-image-preview:large","max-video-preview":"max-video-preview:-1"},"canonical":"http:\/\/bethieshair.de\/studio\/","og_locale":"de_DE","og_type":"article","og_title":"Home - Bethies Hair &amp; Nails","og_description":"Ihr Spezialist BETHIES HAIR &amp; NAIL steht f\u00fcr 20 Jahre Erfahrung im Bereich Per\u00fccken, Haarteile und Microlines W\u00e4hlen Sie aus einem umfassenden Sortiment, Produkte renommierter Hersteller","og_url":"http:\/\/bethieshair.de\/studio\/","og_site_name":"Bethies Hair &amp; Nails","article_modified_time":"2021-06-04T14:42:26+00:00","og_image":[{"url":"http:\/\/bethieshair.de\/studio\/wp-content\/uploads\/partner-bethie-1024x242.jpg"}],"twitter_card":"summary_large_image","twitter_misc":{"Gesch\u00e4tzte Lesezeit":"1\u00a0Minute"},"schema":{"@context":"https:\/\/schema.org","@graph":[{"@type":"WebSite","@id":"http:\/\/bethieshair.de\/studio\/#website","url":"http:\/\/bethieshair.de\/studio\/","name":"Bethies Hair &amp; Nails","description":"","potentialAction":[{"@type":"SearchAction","target":{"@type":"EntryPoint","urlTemplate":"http:\/\/bethieshair.de\/studio\/?s={search_term_string}"},"query-input":"required name=search_term_string"}],"inLanguage":"de"},{"@type":"ImageObject","@id":"http:\/\/bethieshair.de\/studio\/#primaryimage","inLanguage":"de","url":"http:\/\/bethieshair.de\/studio\/wp-content\/uploads\/partner-bethie.jpg","contentUrl":"http:\/\/bethieshair.de\/studio\/wp-content\/uploads\/partner-bethie.jpg","width":1404,"height":332},{"@type":"WebPage","@id":"http:\/\/bethieshair.de\/studio\/#webpage","url":"http:\/\/bethieshair.de\/studio\/","name":"Home - Bethies Hair &amp; Nails","isPartOf":{"@id":"http:\/\/bethieshair.de\/studio\/#website"},"primaryImageOfPage":{"@id":"http:\/\/bethieshair.de\/studio\/#primaryimage"},"datePublished":"2013-06-12T07:01:42+00:00","dateModified":"2021-06-04T14:42:26+00:00","breadcrumb":{"@id":"http:\/\/bethieshair.de\/studio\/#breadcrumb"},"inLanguage":"de","potentialAction":[{"@type":"ReadAction","target":["http:\/\/bethieshair.de\/studio\/"]}]},{"@type":"BreadcrumbList","@id":"http:\/\/bethieshair.de\/studio\/#breadcrumb","itemListElement":[{"@type":"ListItem","position":1,"name":"Startseite","item":"http:\/\/bethieshair.de\/studio\/"},{"@type":"ListItem","position":2,"name":"Home"}]}]}},"_links":{"self":[{"href":"http:\/\/bethieshair.de\/studio\/wp-json\/wp\/v2\/pages\/92"}],"collection":[{"href":"http:\/\/bethieshair.de\/studio\/wp-json\/wp\/v2\/pages"}],"about":[{"href":"http:\/\/bethieshair.de\/studio\/wp-json\/wp\/v2\/types\/page"}],"author":[{"embeddable":true,"href":"http:\/\/bethieshair.de\/studio\/wp-json\/wp\/v2\/users\/2"}],"replies":[{"embeddable":true,"href":"http:\/\/bethieshair.de\/studio\/wp-json\/wp\/v2\/comments?post=92"}],"version-history":[{"count":27,"href":"http:\/\/bethieshair.de\/studio\/wp-json\/wp\/v2\/pages\/92\/revisions"}],"predecessor-version":[{"id":655,"href":"http:\/\/bethieshair.de\/studio\/wp-json\/wp\/v2\/pages\/92\/revisions\/655"}],"wp:attachment":[{"href":"http:\/\/bethieshair.de\/studio\/wp-json\/wp\/v2\/media?parent=92"}],"curies":[{"name":"wp","href":"https:\/\/api.w.org\/{rel}","templated":true}]}}